{"id":1560,"date":"2019-04-11T13:11:42","date_gmt":"2019-04-11T13:11:42","guid":{"rendered":"https:\/\/aids-hilfe-freiburg.de\/checkpoint"},"modified":"2021-02-03T18:19:21","modified_gmt":"2021-02-03T18:19:21","slug":"checkpoint","status":"publish","type":"page","link":"https:\/\/aids-hilfe-freiburg.de\/en\/i-want-to-know\/checkpoint\/","title":{"rendered":"Checkpoint"},"content":{"rendered":"\t\t<div data-elementor-type=\"wp-post\" data-elementor-id=\"1560\" class=\"elementor elementor-1560 elementor-443\" data-elementor-post-type=\"page\">\n\t\t\t\t\t\t<section data-particle_enable=\"false\" data-particle-mobile-disabled=\"false\" class=\"elementor-section elementor-top-section elementor-element elementor-element-3da78bc elementor-section-boxed elementor-section-height-default elementor-section-height-default\" data-id=\"3da78bc\" data-element_type=\"section\">\n\t\t\t\t\t\t<div class=\"elementor-container elementor-column-gap-default\">\n\t\t\t\t\t<div class=\"elementor-column elementor-col-100 elementor-top-column elementor-element elementor-element-14e1c74\" data-id=\"14e1c74\" data-element_type=\"column\">\n\t\t\t<div class=\"elementor-widget-wrap elementor-element-populated\">\n\t\t\t\t\t\t<div class=\"elementor-element elementor-element-4cc5c4c elementor-widget elementor-widget-heading\" data-id=\"4cc5c4c\" data-element_type=\"widget\" data-widget_type=\"heading.default\">\n\t\t\t\t<div class=\"elementor-widget-container\">\n\t\t\t\t\t<h4 class=\"elementor-heading-title elementor-size-default\">Checkpoint Freiburg<\/h4>\t\t\t\t<\/div>\n\t\t\t\t<\/div>\n\t\t\t\t\t<\/div>\n\t\t<\/div>\n\t\t\t\t\t<\/div>\n\t\t<\/section>\n\t\t\t\t<section data-particle_enable=\"false\" data-particle-mobile-disabled=\"false\" class=\"elementor-section elementor-top-section elementor-element elementor-element-d059b3e elementor-section-boxed elementor-section-height-default elementor-section-height-default\" data-id=\"d059b3e\" data-element_type=\"section\">\n\t\t\t\t\t\t<div class=\"elementor-container elementor-column-gap-default\">\n\t\t\t\t\t<div class=\"elementor-column elementor-col-66 elementor-top-column elementor-element elementor-element-0ab9bf3\" data-id=\"0ab9bf3\" data-element_type=\"column\">\n\t\t\t<div class=\"elementor-widget-wrap elementor-element-populated\">\n\t\t\t\t\t\t<div class=\"elementor-element elementor-element-b79e8cb elementor-widget elementor-widget-image\" data-id=\"b79e8cb\" data-element_type=\"widget\" data-widget_type=\"image.default\">\n\t\t\t\t<div class=\"elementor-widget-container\">\n\t\t\t\t\t\t\t\t\t\t\t\t\t\t\t<img fetchpriority=\"high\" decoding=\"async\" width=\"843\" height=\"464\" src=\"https:\/\/aids-hilfe-freiburg.de\/wp-content\/uploads\/2018\/08\/checkpoint_abnahme.jpg\" class=\"attachment-large size-large wp-image-1280\" alt=\"Foto aus dem Laborzimmer im Checkpoint Freiburg\" srcset=\"https:\/\/aids-hilfe-freiburg.de\/wp-content\/uploads\/2018\/08\/checkpoint_abnahme.jpg 1000w, https:\/\/aids-hilfe-freiburg.de\/wp-content\/uploads\/2018\/08\/checkpoint_abnahme-300x165.jpg 300w, https:\/\/aids-hilfe-freiburg.de\/wp-content\/uploads\/2018\/08\/checkpoint_abnahme-768x422.jpg 768w\" sizes=\"(max-width: 843px) 100vw, 843px\" \/>\t\t\t\t\t\t\t\t\t\t\t\t\t\t\t<\/div>\n\t\t\t\t<\/div>\n\t\t\t\t<div class=\"elementor-element elementor-element-6be6321 elementor-widget elementor-widget-text-editor\" data-id=\"6be6321\" data-element_type=\"widget\" data-widget_type=\"text-editor.default\">\n\t\t\t\t<div class=\"elementor-widget-container\">\n\t\t\t\t\t\t\t\t\t<p>Between 6 pm and 8 pm on every 1st and 3rd Monday of the month, Checkpoint Freiburg offers anonymous rapid HIV testing. At these times, men who have sexual contacts with men can also get tested for syphilis, chlamydia and gonorrhoea. All testing is done after a brief consultation and risk assessment.<\/p>\n<p><strong>CAUTION<\/strong>: This service tends to get very busy and we can only attend to a limited number of people! We apologise for the inconvenience.<\/p>\n<p>As an alternative, between 6 pm and 8 pm on every 2nd and 4th Monday of the month, Checkpoint Freiburg offers more-in-depth counselling for matters concerning sexual health as well as HIV and STI testing. The appointments are treated confidentially. During these counselling hours you can also obtain advice on PrEP and have your PrEP check-up.<\/p>\n<p><strong>Important<\/strong>: Counselling appointments on the 2nd and 4th Monday must be arranged in advance! Please request an appointment at team@checkpoint-freiburg.de or call 07 61\/1 51 46 64 44.<\/p>\n<p>All our staff members have received training and are subject to confidentiality obligations. Testing is offered in cooperation with the Freiburg municipal health department.<\/p>\n\t\t\t\t\t\t\t\t<\/div>\n\t\t\t\t<\/div>\n\t\t\t\t\t<\/div>\n\t\t<\/div>\n\t\t\t\t<div class=\"elementor-column elementor-col-33 elementor-top-column elementor-element elementor-element-bef060f\" data-id=\"bef060f\" data-element_type=\"column\">\n\t\t\t<div class=\"elementor-widget-wrap elementor-element-populated\">\n\t\t\t\t\t\t<div class=\"elementor-element elementor-element-4626590 elementor-widget elementor-widget-image\" data-id=\"4626590\" data-element_type=\"widget\" data-widget_type=\"image.default\">\n\t\t\t\t<div class=\"elementor-widget-container\">\n\t\t\t\t\t\t\t\t\t\t\t\t\t\t\t<img decoding=\"async\" width=\"650\" height=\"440\" src=\"https:\/\/aids-hilfe-freiburg.de\/wp-content\/uploads\/2018\/08\/Checkpoint_Logo.jpg\" class=\"attachment-large size-large wp-image-1284\" alt=\"Logo Checkpoint-Freiburg\" srcset=\"https:\/\/aids-hilfe-freiburg.de\/wp-content\/uploads\/2018\/08\/Checkpoint_Logo.jpg 650w, https:\/\/aids-hilfe-freiburg.de\/wp-content\/uploads\/2018\/08\/Checkpoint_Logo-300x203.jpg 300w\" sizes=\"(max-width: 650px) 100vw, 650px\" \/>\t\t\t\t\t\t\t\t\t\t\t\t\t\t\t<\/div>\n\t\t\t\t<\/div>\n\t\t\t\t<div class=\"elementor-element elementor-element-a2a0c0f elementor-widget elementor-widget-text-editor\" data-id=\"a2a0c0f\" data-element_type=\"widget\" data-widget_type=\"text-editor.default\">\n\t\t\t\t<div class=\"elementor-widget-container\">\n\t\t\t\t\t\t\t\t\t<p>Everything about our Checkpoint you find here: www.checkpoint-freiburg.de<\/p>\n<p>&nbsp;<\/p>\n\t\t\t\t\t\t\t\t<\/div>\n\t\t\t\t<\/div>\n\t\t\t\t<div class=\"elementor-element elementor-element-5c61ab2 elementor-widget elementor-widget-text-editor\" data-id=\"5c61ab2\" data-element_type=\"widget\" data-widget_type=\"text-editor.default\">\n\t\t\t\t<div class=\"elementor-widget-container\">\n\t\t\t\t\t\t\t\t\t<p>Contact:<\/p>\n<p><strong>Stefan Zimmermann<\/strong><br \/>\nFachbereich Beratung, Pr\u00e4vention, MSM (M\u00e4nner die Sex mit M\u00e4nnern haben), Projektkoordination &#8220;Checkpoint Freiburg&#8221;<\/p>\n<p>0761-151 4664-12<br \/>\n<a href=\"mailto:team@checkpoint-freiburg.de\">team@checkpoint-freiburg.de<\/a><\/p>\n\t\t\t\t\t\t\t\t<\/div>\n\t\t\t\t<\/div>\n\t\t\t\t<div class=\"elementor-element elementor-element-f0bf68c elementor-widget elementor-widget-text-editor\" data-id=\"f0bf68c\" data-element_type=\"widget\" data-widget_type=\"text-editor.default\">\n\t\t\t\t<div class=\"elementor-widget-container\">\n\t\t\t\t\t\t\t\t\t<p><strong>Checkpoint Freiburg<\/strong><br \/>\n<strong>Berliner Allee 29<br \/>\n<\/strong><strong>79110 Freiburg<\/strong><\/p>\n<p><strong>Mit \u00f6ffentlichen Verkehrsmitteln:<br \/>\n<\/strong>Line 4 Richtung Messe, Haltestelle &#8220;Els\u00e4sser Stra\u00dfe&#8221;<\/p>\n\t\t\t\t\t\t\t\t<\/div>\n\t\t\t\t<\/div>\n\t\t\t\t<div class=\"elementor-element elementor-element-2a5378b elementor-widget elementor-widget-google_maps\" data-id=\"2a5378b\" data-element_type=\"widget\" data-widget_type=\"google_maps.default\">\n\t\t\t\t<div class=\"elementor-widget-container\">\n\t\t\t\t\t\t\t<div class=\"elementor-custom-embed\">\n\t\t\t <div class=\"brlbs-cmpnt-container brlbs-cmpnt-content-blocker brlbs-cmpnt-with-individual-styles\" data-borlabs-cookie-content-blocker-id=\"google-maps\" data-borlabs-cookie-content=\"PGlmcmFtZSBsb2FkaW5nPSJsYXp5IgoJCQkJCXNyYz0iaHR0cHM6Ly9tYXBzLmdvb2dsZS5jb20vbWFwcz9xPUJlcmxpbmVyJTIwQWxsZWUlMjAyOSUyMCUyMDc5MTEwJTIwRnJlaWJ1cmcmIzAzODt0PW0mIzAzODt6PTE1JiMwMzg7b3V0cHV0PWVtYmVkJiMwMzg7aXdsb2M9bmVhciIKCQkJCQl0aXRsZT0iQmVybGluZXIgQWxsZWUgMjkgIDc5MTEwIEZyZWlidXJnIgoJCQkJCWFyaWEtbGFiZWw9IkJlcmxpbmVyIEFsbGVlIDI5ICA3OTExMCBGcmVpYnVyZyIKCQkJPjwvaWZyYW1lPg==\"><div class=\"brlbs-cmpnt-cb-preset-b brlbs-cmpnt-cb-google-maps\"> <div class=\"brlbs-cmpnt-cb-thumbnail\" style=\"background-image: url('https:\/\/aids-hilfe-freiburg.de\/wp-content\/uploads\/borlabs-cookie\/1\/brlbs-cb-google-maps-main.png')\"><\/div> <div class=\"brlbs-cmpnt-cb-main\"> <div class=\"brlbs-cmpnt-cb-content\"> <p class=\"brlbs-cmpnt-cb-description\">You are currently viewing a placeholder content from <strong>Google Maps<\/strong>. To access the actual content, click the button below. Please note that doing so will share data with third-party providers.<\/p> <a class=\"brlbs-cmpnt-cb-provider-toggle\" href=\"#\" data-borlabs-cookie-show-provider-information role=\"button\">More Information<\/a> <\/div> <div class=\"brlbs-cmpnt-cb-buttons\"> <a class=\"brlbs-cmpnt-cb-btn\" href=\"#\" data-borlabs-cookie-unblock role=\"button\">Unblock content<\/a> <a class=\"brlbs-cmpnt-cb-btn\" href=\"#\" data-borlabs-cookie-accept-service role=\"button\" style=\"display: inherit\">Accept required service and unblock content<\/a> <\/div> <\/div> <\/div><\/div>\n\t\t<\/div>\n\t\t\t\t\t\t<\/div>\n\t\t\t\t<\/div>\n\t\t\t\t\t<\/div>\n\t\t<\/div>\n\t\t\t\t\t<\/div>\n\t\t<\/section>\n\t\t\t\t<\/div>\n\t\t","protected":false},"excerpt":{"rendered":"<p>Checkpoint Freiburg Between 6 pm and 8 pm on every 1st and 3rd Monday of the month, Checkpoint Freiburg offers anonymous rapid HIV testing. At&hellip;<\/p>\n","protected":false},"author":1,"featured_media":0,"parent":1564,"menu_order":0,"comment_status":"closed","ping_status":"closed","template":"","meta":{"footnotes":""},"class_list":["post-1560","page","type-page","status-publish","hentry"],"publishpress_future_action":{"enabled":false,"date":"2026-05-09 10:05:23","action":"change-status","newStatus":"draft","terms":[],"taxonomy":"translation_priority","extraData":[]},"publishpress_future_workflow_manual_trigger":{"enabledWorkflows":[]},"_links":{"self":[{"href":"https:\/\/aids-hilfe-freiburg.de\/en\/wp-json\/wp\/v2\/pages\/1560","targetHints":{"allow":["GET"]}}],"collection":[{"href":"https:\/\/aids-hilfe-freiburg.de\/en\/wp-json\/wp\/v2\/pages"}],"about":[{"href":"https:\/\/aids-hilfe-freiburg.de\/en\/wp-json\/wp\/v2\/types\/page"}],"author":[{"embeddable":true,"href":"https:\/\/aids-hilfe-freiburg.de\/en\/wp-json\/wp\/v2\/users\/1"}],"replies":[{"embeddable":true,"href":"https:\/\/aids-hilfe-freiburg.de\/en\/wp-json\/wp\/v2\/comments?post=1560"}],"version-history":[{"count":4,"href":"https:\/\/aids-hilfe-freiburg.de\/en\/wp-json\/wp\/v2\/pages\/1560\/revisions"}],"predecessor-version":[{"id":3325,"href":"https:\/\/aids-hilfe-freiburg.de\/en\/wp-json\/wp\/v2\/pages\/1560\/revisions\/3325"}],"up":[{"embeddable":true,"href":"https:\/\/aids-hilfe-freiburg.de\/en\/wp-json\/wp\/v2\/pages\/1564"}],"wp:attachment":[{"href":"https:\/\/aids-hilfe-freiburg.de\/en\/wp-json\/wp\/v2\/media?parent=1560"}],"curies":[{"name":"wp","href":"https:\/\/api.w.org\/{rel}","templated":true}]}}