{"id":13,"date":"2018-06-29T14:21:36","date_gmt":"2018-06-29T14:21:36","guid":{"rendered":"http:\/\/s697962966.online.de\/?page_id=13"},"modified":"2022-01-28T12:59:33","modified_gmt":"2022-01-28T12:59:33","slug":"spenden","status":"publish","type":"page","link":"https:\/\/aids-hilfe-freiburg.de\/fr\/spenden\/","title":{"rendered":"Spenden"},"content":{"rendered":"\t\t<div data-elementor-type=\"wp-post\" data-elementor-id=\"13\" class=\"elementor elementor-13\" data-elementor-post-type=\"page\">\n\t\t\t\t\t\t<section data-particle_enable=\"false\" data-particle-mobile-disabled=\"false\" class=\"elementor-section elementor-top-section elementor-element elementor-element-d7d93f1 elementor-section-boxed elementor-section-height-default elementor-section-height-default\" data-id=\"d7d93f1\" data-element_type=\"section\">\n\t\t\t\t\t\t<div class=\"elementor-container elementor-column-gap-default\">\n\t\t\t\t\t<div class=\"elementor-column elementor-col-100 elementor-top-column elementor-element elementor-element-0cfb05d\" data-id=\"0cfb05d\" data-element_type=\"column\">\n\t\t\t<div class=\"elementor-widget-wrap elementor-element-populated\">\n\t\t\t\t\t\t<div class=\"elementor-element elementor-element-e5cc13a elementor-widget elementor-widget-heading\" data-id=\"e5cc13a\" data-element_type=\"widget\" data-widget_type=\"heading.default\">\n\t\t\t\t<div class=\"elementor-widget-container\">\n\t\t\t\t\t<h3 class=\"elementor-heading-title elementor-size-default\">Spenden<\/h3>\t\t\t\t<\/div>\n\t\t\t\t<\/div>\n\t\t\t\t\t<\/div>\n\t\t<\/div>\n\t\t\t\t\t<\/div>\n\t\t<\/section>\n\t\t\t\t<section data-particle_enable=\"false\" data-particle-mobile-disabled=\"false\" class=\"elementor-section elementor-top-section elementor-element elementor-element-2b016c81 elementor-section-boxed elementor-section-height-default elementor-section-height-default\" data-id=\"2b016c81\" data-element_type=\"section\">\n\t\t\t\t\t\t<div class=\"elementor-container elementor-column-gap-default\">\n\t\t\t\t\t<div class=\"elementor-column elementor-col-66 elementor-top-column elementor-element elementor-element-2990fb6b\" data-id=\"2990fb6b\" data-element_type=\"column\">\n\t\t\t<div class=\"elementor-widget-wrap elementor-element-populated\">\n\t\t\t\t\t\t<div class=\"elementor-element elementor-element-62a01d04 elementor-widget elementor-widget-text-editor\" data-id=\"62a01d04\" data-element_type=\"widget\" data-widget_type=\"text-editor.default\">\n\t\t\t\t<div class=\"elementor-widget-container\">\n\t\t\t\t\t\t\t\t\t<p>Das wirksamste Mittel der Vorbeugung ist Aufkl\u00e4rung. Eine Impfung gibt es (noch) nicht. Das Virus ist nicht aus dem K\u00f6rper zu entfernen, kann aber bei guter Behandlung in Schach gehalten werden. Safer Sex und Safer Use bleiben auf absehbare Zeit die einzigen M\u00f6glichkeiten, sich vor einer Infektion zu sch\u00fctzen.<\/p><p>Die daf\u00fcr \u201epassende\u201c Pr\u00e4ventionsarbeit braucht Zeit und R\u00e4ume \u2013 ebenso wie die Erhaltung oder Verbesserung der Lebensqualit\u00e4t von Menschen mit HIV und AIDS.<\/p><h4><strong>Das kostet Geld.<\/strong><\/h4><p>Seit vielen Jahren wird diese Arbeit des Checkpoint Aidshilfe Freiburg e.V. (ehemals AIDS-Hilfe Freiburg e.V.) durch Zuwendungen der \u00f6ffentlichen Hand unterst\u00fctzt, insbesondere durch die Stadt Freiburg. Dar\u00fcber hinaus erhalten wir F\u00f6rdermittel von den Landkreisen L\u00f6rrach, Waldshut, Emmendingen und Breisgau-Hochschwarzwald sowie dem Land Baden-W\u00fcrttemberg.<\/p><p>Diese F\u00f6rdermittel bilden den unverzichtbaren Grundstock unserer Arbeit. Daf\u00fcr sind wir sehr dankbar \u2013 wohlwissend, dass es sich um freiwillige Zuwendungen handelt, die immer wieder neu verhandelt werden m\u00fcssen.<\/p><p>Mit diesen F\u00f6rdermitteln sind jedoch nicht alle unseren notwendigen Aufgaben zu bezahlen.<\/p><h4><strong>Deshalb ben\u00f6tigen wir Ihre Hilfe<\/strong><\/h4><p>Mit Ihrer Spende, Ihrer Mitgliedschaft oder einer Hinterlassenschaft tragen Sie nicht nur zur Verbesserung der Lebenssituation von HIV-Infizierten und Aids-Erkrankten bei und unterst\u00fctzen unsere Aufkl\u00e4rungsarbeit, sondern setzen auch ein Zeichen der Solidarit\u00e4t.<\/p>\t\t\t\t\t\t\t\t<\/div>\n\t\t\t\t<\/div>\n\t\t\t\t\t<\/div>\n\t\t<\/div>\n\t\t\t\t<div class=\"elementor-column elementor-col-33 elementor-top-column elementor-element elementor-element-3cc1df3\" data-id=\"3cc1df3\" data-element_type=\"column\">\n\t\t\t<div class=\"elementor-widget-wrap elementor-element-populated\">\n\t\t\t\t\t\t<div class=\"elementor-element elementor-element-77d8713e elementor-widget elementor-widget-image\" data-id=\"77d8713e\" data-element_type=\"widget\" data-widget_type=\"image.default\">\n\t\t\t\t<div class=\"elementor-widget-container\">\n\t\t\t\t\t\t\t\t\t\t\t\t\t\t\t<img fetchpriority=\"high\" decoding=\"async\" width=\"800\" height=\"620\" src=\"https:\/\/aids-hilfe-freiburg.de\/wp-content\/uploads\/2018\/08\/spenden.jpg\" class=\"attachment-large size-large wp-image-651\" alt=\"Spenden\u00fcbergabe\" srcset=\"https:\/\/aids-hilfe-freiburg.de\/wp-content\/uploads\/2018\/08\/spenden.jpg 800w, https:\/\/aids-hilfe-freiburg.de\/wp-content\/uploads\/2018\/08\/spenden-300x233.jpg 300w, https:\/\/aids-hilfe-freiburg.de\/wp-content\/uploads\/2018\/08\/spenden-768x595.jpg 768w\" sizes=\"(max-width: 800px) 100vw, 800px\" \/>\t\t\t\t\t\t\t\t\t\t\t\t\t\t\t<\/div>\n\t\t\t\t<\/div>\n\t\t\t\t<div class=\"elementor-element elementor-element-3390fc3d elementor-widget elementor-widget-text-editor\" data-id=\"3390fc3d\" data-element_type=\"widget\" data-widget_type=\"text-editor.default\">\n\t\t\t\t<div class=\"elementor-widget-container\">\n\t\t\t\t\t\t\t\t\t<p><strong>Unser Spendenkonto:<\/strong><\/p><p>Checkpoint Aidshilfe Freiburg e.V.<br \/>Konto 209 22 74<br \/>BLZ 680 501 01<br \/>(Sparkasse Freiburg-N\u00f6rdlicher Breisgau)<\/p><p>IBAN DE95 6805 0101 0002 0922 74<br \/>SWIFT-BIC FRSPDE66XXX<\/p><p><strong>Oder ganz unkompliziert per PayPal:<\/strong><\/p><p><a href=\"http:\/\/paypal.me\/aidshilfefreiburg\" target=\"_blank\" rel=\"noopener\"><input title=\"PayPal - The safer, easier way to pay online!\" alt=\"Donate with PayPal button\" name=\"submit\" src=\"https:\/\/www.paypalobjects.com\/de_DE\/DE\/i\/btn\/btn_donateCC_LG.gif\" type=\"image\" \/><\/a><\/p><p><strong>Hinweis: Einzelspenden bis 200 Euro<\/strong><br \/>Wenn Sie den Checkpoint Aidshilfe Freiburg mit einer Zuwendung unterst\u00fctzen, die EUR 200,00 nicht \u00fcbersteigt, ben\u00f6tigen Sie keine gesonderte Zuwendungsbest\u00e4tigung, um die Spende als Sonderausgabe im Rahmen Ihrer Einkommensteuererkl\u00e4rung geltend zu machen. Hierf\u00fcr ist ausreichend, wenn Sie Ihrer Steuererkl\u00e4rung diesen <a href=\"https:\/\/aids-hilfe-freiburg.de\/wp-content\/uploads\/2022\/01\/Vereinfachter-Zuwendungsnachweis_neuer_name_jan_2022_v3.pdf\" target=\"_blank\" rel=\"noopener\">vereinfachten Zuwendungsnachweis<\/a> zusammen mit einem Bareinzahlungsbeleg oder einer Buchungsbest\u00e4tigung eines Kreditinstituts beif\u00fcgen (z.B. Kontoauszug), aus dem Name und Kontonummer oder ein sonstiges Identifizierungsmerkmal des Auftraggebers und des Empf\u00e4ngers, der Betrag, der Buchungstag sowie die tats\u00e4chliche Durchf\u00fchrung der Zahlung ersichtlich sind. <u>Der Verwendungszweck sollte die Angabe \u201eSpende\u201c enthalten<\/u>.<br \/>F\u00fcr Zuwendungen \u00fcber 200,00 \u20ac ist als Nachweis eine vom Checkpoint Aidshilfe Freiburg ausgestellte Zuwendungsbest\u00e4tigung nach amtlich vorgeschriebenem Vordruck erforderlich, die wir Ihnen gerne ausstellen.<\/p><p>Auf Wunsch stellen wir Ihnen auch<strong> <em>ab einem Spendenbetrag von 20 Euro<\/em><\/strong> eine Zuwendungsbest\u00e4tigung aus. Bei Spenden per \u00dcberweisung ben\u00f6tigen wir die Angaben zu Ihrer Anschrift. Mitglieder erhalten die Best\u00e4tigung \u00fcber Ihren Mitgliedsbeitrag jeweils Anfang des neuen Jahres.<\/p>\t\t\t\t\t\t\t\t<\/div>\n\t\t\t\t<\/div>\n\t\t\t\t\t<\/div>\n\t\t<\/div>\n\t\t\t\t\t<\/div>\n\t\t<\/section>\n\t\t\t\t<\/div>\n\t\t","protected":false},"excerpt":{"rendered":"<p>Spenden Das wirksamste Mittel der Vorbeugung ist Aufkl\u00e4rung. Eine Impfung gibt es (noch) nicht. Das Virus ist nicht aus dem K\u00f6rper zu entfernen, kann aber&hellip;<\/p>\n","protected":false},"author":1,"featured_media":0,"parent":0,"menu_order":0,"comment_status":"closed","ping_status":"closed","template":"","meta":{"footnotes":""},"class_list":["post-13","page","type-page","status-publish","hentry"],"publishpress_future_action":{"enabled":false,"date":"2026-05-07 06:20:07","action":"change-status","newStatus":"draft","terms":[],"taxonomy":"translation_priority","extraData":[]},"publishpress_future_workflow_manual_trigger":{"enabledWorkflows":[]},"_links":{"self":[{"href":"https:\/\/aids-hilfe-freiburg.de\/fr\/wp-json\/wp\/v2\/pages\/13","targetHints":{"allow":["GET"]}}],"collection":[{"href":"https:\/\/aids-hilfe-freiburg.de\/fr\/wp-json\/wp\/v2\/pages"}],"about":[{"href":"https:\/\/aids-hilfe-freiburg.de\/fr\/wp-json\/wp\/v2\/types\/page"}],"author":[{"embeddable":true,"href":"https:\/\/aids-hilfe-freiburg.de\/fr\/wp-json\/wp\/v2\/users\/1"}],"replies":[{"embeddable":true,"href":"https:\/\/aids-hilfe-freiburg.de\/fr\/wp-json\/wp\/v2\/comments?post=13"}],"version-history":[{"count":27,"href":"https:\/\/aids-hilfe-freiburg.de\/fr\/wp-json\/wp\/v2\/pages\/13\/revisions"}],"predecessor-version":[{"id":4142,"href":"https:\/\/aids-hilfe-freiburg.de\/fr\/wp-json\/wp\/v2\/pages\/13\/revisions\/4142"}],"wp:attachment":[{"href":"https:\/\/aids-hilfe-freiburg.de\/fr\/wp-json\/wp\/v2\/media?parent=13"}],"curies":[{"name":"wp","href":"https:\/\/api.w.org\/{rel}","templated":true}]}}