{"id":1521,"date":"2019-04-10T11:15:26","date_gmt":"2019-04-10T11:15:26","guid":{"rendered":"https:\/\/aids-hilfe-freiburg.de\/le-travail-du-sexe"},"modified":"2022-04-29T10:28:27","modified_gmt":"2022-04-29T10:28:27","slug":"le-travail-du-sexe","status":"publish","type":"page","link":"https:\/\/aids-hilfe-freiburg.de\/fr\/je-veux-savoir\/le-travail-du-sexe\/","title":{"rendered":"Le travail du sexe"},"content":{"rendered":"\t\t<div data-elementor-type=\"wp-post\" data-elementor-id=\"1521\" class=\"elementor elementor-1521 elementor-978\" data-elementor-post-type=\"page\">\n\t\t\t\t\t\t<section data-particle_enable=\"false\" data-particle-mobile-disabled=\"false\" class=\"elementor-section elementor-top-section elementor-element elementor-element-7c9b4f1 elementor-section-boxed elementor-section-height-default elementor-section-height-default\" data-id=\"7c9b4f1\" data-element_type=\"section\">\n\t\t\t\t\t\t<div class=\"elementor-container elementor-column-gap-default\">\n\t\t\t\t\t<div class=\"elementor-column elementor-col-100 elementor-top-column elementor-element elementor-element-c970baf\" data-id=\"c970baf\" data-element_type=\"column\">\n\t\t\t<div class=\"elementor-widget-wrap elementor-element-populated\">\n\t\t\t\t\t\t<div class=\"elementor-element elementor-element-013eefa elementor-widget elementor-widget-heading\" data-id=\"013eefa\" data-element_type=\"widget\" data-widget_type=\"heading.default\">\n\t\t\t\t<div class=\"elementor-widget-container\">\n\t\t\t\t\t<h4 class=\"elementor-heading-title elementor-size-default\">Le travail du sexe<\/h4>\t\t\t\t<\/div>\n\t\t\t\t<\/div>\n\t\t\t\t\t<\/div>\n\t\t<\/div>\n\t\t\t\t\t<\/div>\n\t\t<\/section>\n\t\t\t\t<section data-particle_enable=\"false\" data-particle-mobile-disabled=\"false\" class=\"elementor-section elementor-top-section elementor-element elementor-element-84c1973 elementor-section-boxed elementor-section-height-default elementor-section-height-default\" data-id=\"84c1973\" data-element_type=\"section\">\n\t\t\t\t\t\t<div class=\"elementor-container elementor-column-gap-default\">\n\t\t\t\t\t<div class=\"elementor-column elementor-col-66 elementor-top-column elementor-element elementor-element-c0ede96\" data-id=\"c0ede96\" data-element_type=\"column\">\n\t\t\t<div class=\"elementor-widget-wrap elementor-element-populated\">\n\t\t\t\t\t\t<div class=\"elementor-element elementor-element-0a3e0c6 elementor-widget elementor-widget-image\" data-id=\"0a3e0c6\" data-element_type=\"widget\" data-widget_type=\"image.default\">\n\t\t\t\t<div class=\"elementor-widget-container\">\n\t\t\t\t\t\t\t\t\t\t\t\t\t\t\t<img fetchpriority=\"high\" decoding=\"async\" width=\"800\" height=\"440\" src=\"https:\/\/aids-hilfe-freiburg.de\/wp-content\/uploads\/2018\/11\/sexarbeit.jpg\" class=\"attachment-full size-full wp-image-1518\" alt=\"Beine einer Frau, stehend an einer Laterne\" srcset=\"https:\/\/aids-hilfe-freiburg.de\/wp-content\/uploads\/2018\/11\/sexarbeit.jpg 800w, https:\/\/aids-hilfe-freiburg.de\/wp-content\/uploads\/2018\/11\/sexarbeit-300x165.jpg 300w, https:\/\/aids-hilfe-freiburg.de\/wp-content\/uploads\/2018\/11\/sexarbeit-768x422.jpg 768w\" sizes=\"(max-width: 800px) 100vw, 800px\" \/>\t\t\t\t\t\t\t\t\t\t\t\t\t\t\t<\/div>\n\t\t\t\t<\/div>\n\t\t\t\t<div class=\"elementor-element elementor-element-b1e4dbd elementor-widget elementor-widget-text-editor\" data-id=\"b1e4dbd\" data-element_type=\"widget\" data-widget_type=\"text-editor.default\">\n\t\t\t\t<div class=\"elementor-widget-container\">\n\t\t\t\t\t\t\t\t\t<p><strong>Notre travail sur le terrain<\/strong><\/p>\n<p>Les travailleur\u00b7se\u00b7s du sexe ont \u00a0particuli\u00e8rement besoin de conseil en mati\u00e8re de pr\u00e9vention du VIH et des IST car elles\u00b7ils courent un plus grand risque de contracter des maladies sexuellement transmissibles et le VIH. La plupart des travailleur\u00b7se\u00b7s du sexe sont des migrant\u00b7e\u00b7s qui viennent de diff\u00e9rents pays pour travailler en Allemagne. Souvent, elles\u00b7ils n\u2019ont pas d\u2019assurance-maladie ici et n\u2019ont ainsi pas acc\u00e8s au syst\u00e8me de sant\u00e9.<\/p>\n<p>Nous allons r\u00e9guli\u00e8rement \u00e0 leur rencontre, dans le milieu du travail du sexe de Freiburg, avec les coll\u00e8gues femmes du centre de conseil\u00a0P.I.N.K. et du \u00ab\u00a0Gesundheitsamt Freiburg\u00a0\u00bb (service de la sant\u00e9 publique). Nous informons les travailleur\u00b7se\u00b7s du sexe des aides disponibles \u00e0 Freiburg \u00e0 l\u2019aide de brochures et de d\u00e9pliants sur la sant\u00e9 sexuelle en plusieurs langues.<\/p>\n\t\t\t\t\t\t\t\t<\/div>\n\t\t\t\t<\/div>\n\t\t\t\t\t<\/div>\n\t\t<\/div>\n\t\t\t\t<div class=\"elementor-column elementor-col-33 elementor-top-column elementor-element elementor-element-b9ecaa3\" data-id=\"b9ecaa3\" data-element_type=\"column\">\n\t\t\t<div class=\"elementor-widget-wrap elementor-element-populated\">\n\t\t\t\t\t\t<div class=\"elementor-element elementor-element-902ae3d elementor-widget elementor-widget-heading\" data-id=\"902ae3d\" data-element_type=\"widget\" data-widget_type=\"heading.default\">\n\t\t\t\t<div class=\"elementor-widget-container\">\n\t\t\t\t\t<h4 class=\"elementor-heading-title elementor-size-default\">Kontakt:<\/h4>\t\t\t\t<\/div>\n\t\t\t\t<\/div>\n\t\t\t\t<div class=\"elementor-element elementor-element-e0ad4bf elementor-widget elementor-widget-text-editor\" data-id=\"e0ad4bf\" data-element_type=\"widget\" data-widget_type=\"text-editor.default\">\n\t\t\t\t<div class=\"elementor-widget-container\">\n\t\t\t\t\t\t\t\t\t<p><strong>Bettina Deuschle <br \/><\/strong>Fachbereich Frauen und Migration<br \/>0761-151 4664-16<br \/><a href=\"mailto:bettina.deuschle@checkpointaidshilfe.de\">bettina.deuschle@checkpointaidshilfe.de<\/a><\/p>\t\t\t\t\t\t\t\t<\/div>\n\t\t\t\t<\/div>\n\t\t\t\t<div class=\"elementor-element elementor-element-66f79b9 elementor-widget elementor-widget-image\" data-id=\"66f79b9\" data-element_type=\"widget\" data-widget_type=\"image.default\">\n\t\t\t\t<div class=\"elementor-widget-container\">\n\t\t\t\t\t\t\t\t\t\t\t\t\t\t\t\t<a href=\"http:\/\/www.pink-baden.de\/\" target=\"_blank\">\n\t\t\t\t\t\t\t<img decoding=\"async\" width=\"260\" height=\"179\" src=\"https:\/\/aids-hilfe-freiburg.de\/wp-content\/uploads\/2018\/11\/image001.jpg\" class=\"attachment-large size-large wp-image-1519\" alt=\"Logo Pink: Prostitution, Integration, Neustart, know-how\" \/>\t\t\t\t\t\t\t\t<\/a>\n\t\t\t\t\t\t\t\t\t\t\t\t\t\t\t<\/div>\n\t\t\t\t<\/div>\n\t\t\t\t\t<\/div>\n\t\t<\/div>\n\t\t\t\t\t<\/div>\n\t\t<\/section>\n\t\t\t\t<\/div>\n\t\t","protected":false},"excerpt":{"rendered":"<p>Le travail du sexe Notre travail sur le terrain Les travailleur\u00b7se\u00b7s du sexe ont \u00a0particuli\u00e8rement besoin de conseil en mati\u00e8re de pr\u00e9vention du VIH et&hellip;<\/p>\n","protected":false},"author":1,"featured_media":0,"parent":1572,"menu_order":0,"comment_status":"closed","ping_status":"closed","template":"","meta":{"footnotes":""},"class_list":["post-1521","page","type-page","status-publish","hentry"],"publishpress_future_action":{"enabled":false,"date":"2026-05-09 11:44:05","action":"change-status","newStatus":"draft","terms":[],"taxonomy":"translation_priority","extraData":[]},"publishpress_future_workflow_manual_trigger":{"enabledWorkflows":[]},"_links":{"self":[{"href":"https:\/\/aids-hilfe-freiburg.de\/fr\/wp-json\/wp\/v2\/pages\/1521","targetHints":{"allow":["GET"]}}],"collection":[{"href":"https:\/\/aids-hilfe-freiburg.de\/fr\/wp-json\/wp\/v2\/pages"}],"about":[{"href":"https:\/\/aids-hilfe-freiburg.de\/fr\/wp-json\/wp\/v2\/types\/page"}],"author":[{"embeddable":true,"href":"https:\/\/aids-hilfe-freiburg.de\/fr\/wp-json\/wp\/v2\/users\/1"}],"replies":[{"embeddable":true,"href":"https:\/\/aids-hilfe-freiburg.de\/fr\/wp-json\/wp\/v2\/comments?post=1521"}],"version-history":[{"count":4,"href":"https:\/\/aids-hilfe-freiburg.de\/fr\/wp-json\/wp\/v2\/pages\/1521\/revisions"}],"predecessor-version":[{"id":4352,"href":"https:\/\/aids-hilfe-freiburg.de\/fr\/wp-json\/wp\/v2\/pages\/1521\/revisions\/4352"}],"up":[{"embeddable":true,"href":"https:\/\/aids-hilfe-freiburg.de\/fr\/wp-json\/wp\/v2\/pages\/1572"}],"wp:attachment":[{"href":"https:\/\/aids-hilfe-freiburg.de\/fr\/wp-json\/wp\/v2\/media?parent=1521"}],"curies":[{"name":"wp","href":"https:\/\/api.w.org\/{rel}","templated":true}]}}