{"id":1544,"date":"2019-04-10T11:36:46","date_gmt":"2019-04-10T11:36:46","guid":{"rendered":"https:\/\/aids-hilfe-freiburg.de\/je-suis-positif\/consommation-de-substances"},"modified":"2022-04-29T10:22:58","modified_gmt":"2022-04-29T10:22:58","slug":"consommation-de-substances","status":"publish","type":"page","link":"https:\/\/aids-hilfe-freiburg.de\/fr\/je-suis-positif\/consommation-de-substances\/","title":{"rendered":"Consommation de substances"},"content":{"rendered":"\t\t<div data-elementor-type=\"wp-post\" data-elementor-id=\"1544\" class=\"elementor elementor-1544 elementor-849\" data-elementor-post-type=\"page\">\n\t\t\t\t\t\t<section data-particle_enable=\"false\" data-particle-mobile-disabled=\"false\" class=\"elementor-section elementor-top-section elementor-element elementor-element-740562b elementor-section-boxed elementor-section-height-default elementor-section-height-default\" data-id=\"740562b\" data-element_type=\"section\">\n\t\t\t\t\t\t<div class=\"elementor-container elementor-column-gap-default\">\n\t\t\t\t\t<div class=\"elementor-column elementor-col-100 elementor-top-column elementor-element elementor-element-0b0d282\" data-id=\"0b0d282\" data-element_type=\"column\">\n\t\t\t<div class=\"elementor-widget-wrap elementor-element-populated\">\n\t\t\t\t\t\t<div class=\"elementor-element elementor-element-013eefa elementor-widget elementor-widget-heading\" data-id=\"013eefa\" data-element_type=\"widget\" data-widget_type=\"heading.default\">\n\t\t\t\t<div class=\"elementor-widget-container\">\n\t\t\t\t\t<h4 class=\"elementor-heading-title elementor-size-default\">Consommation de substances<\/h4>\t\t\t\t<\/div>\n\t\t\t\t<\/div>\n\t\t\t\t\t<\/div>\n\t\t<\/div>\n\t\t\t\t\t<\/div>\n\t\t<\/section>\n\t\t\t\t<section data-particle_enable=\"false\" data-particle-mobile-disabled=\"false\" class=\"elementor-section elementor-top-section elementor-element elementor-element-84c1973 elementor-section-boxed elementor-section-height-default elementor-section-height-default\" data-id=\"84c1973\" data-element_type=\"section\">\n\t\t\t\t\t\t<div class=\"elementor-container elementor-column-gap-default\">\n\t\t\t\t\t<div class=\"elementor-column elementor-col-66 elementor-top-column elementor-element elementor-element-c0ede96\" data-id=\"c0ede96\" data-element_type=\"column\">\n\t\t\t<div class=\"elementor-widget-wrap elementor-element-populated\">\n\t\t\t\t\t\t<div class=\"elementor-element elementor-element-74c791a elementor-widget elementor-widget-image\" data-id=\"74c791a\" data-element_type=\"widget\" data-widget_type=\"image.default\">\n\t\t\t\t<div class=\"elementor-widget-container\">\n\t\t\t\t\t\t\t\t\t\t\t\t\t\t\t<img fetchpriority=\"high\" decoding=\"async\" width=\"800\" height=\"440\" src=\"https:\/\/aids-hilfe-freiburg.de\/wp-content\/uploads\/2018\/10\/substanzgebrauch.jpg\" class=\"attachment-large size-large wp-image-1436\" alt=\"Eine Ausgestreckten Hand\" srcset=\"https:\/\/aids-hilfe-freiburg.de\/wp-content\/uploads\/2018\/10\/substanzgebrauch.jpg 800w, https:\/\/aids-hilfe-freiburg.de\/wp-content\/uploads\/2018\/10\/substanzgebrauch-300x165.jpg 300w, https:\/\/aids-hilfe-freiburg.de\/wp-content\/uploads\/2018\/10\/substanzgebrauch-768x422.jpg 768w\" sizes=\"(max-width: 800px) 100vw, 800px\" \/>\t\t\t\t\t\t\t\t\t\t\t\t\t\t\t<\/div>\n\t\t\t\t<\/div>\n\t\t\t\t<div class=\"elementor-element elementor-element-b1e4dbd elementor-widget elementor-widget-text-editor\" data-id=\"b1e4dbd\" data-element_type=\"widget\" data-widget_type=\"text-editor.default\">\n\t\t\t\t<div class=\"elementor-widget-container\">\n\t\t\t\t\t\t\t\t\t<p>Nous conseillons les consommateur\u2219rice\u2219s de drogues sur toutes les questions d\u2019ordre m\u00e9dical li\u00e9es au VIH\/sida et aux STI, comme par exemple la connaissance des interactions entre les substances et la th\u00e9rapie anti-VIH, et nous les prenons en charge dans ce domaine. Vous trouverez des informations d\u00e9taill\u00e9es de la \u00ab Deutsche Aidshilfe \u00bb (aide allemande contre le sida) sur leurs effets et interactions sur le site www.hiv-drogen.de (en allemand). Nous pouvons aussi vous renseigner sur l&rsquo;adh\u00e9sion au traitement (observance) et sur l\u2019accessibilit\u00e9 aux soins m\u00e9dicaux.<\/p>\t\t\t\t\t\t\t\t<\/div>\n\t\t\t\t<\/div>\n\t\t\t\t\t<\/div>\n\t\t<\/div>\n\t\t\t\t<div class=\"elementor-column elementor-col-33 elementor-top-column elementor-element elementor-element-b9ecaa3\" data-id=\"b9ecaa3\" data-element_type=\"column\">\n\t\t\t<div class=\"elementor-widget-wrap elementor-element-populated\">\n\t\t\t\t\t\t<div class=\"elementor-element elementor-element-5582372 elementor-widget elementor-widget-heading\" data-id=\"5582372\" data-element_type=\"widget\" data-widget_type=\"heading.default\">\n\t\t\t\t<div class=\"elementor-widget-container\">\n\t\t\t\t\t<h4 class=\"elementor-heading-title elementor-size-default\">   Contact:<\/h4>\t\t\t\t<\/div>\n\t\t\t\t<\/div>\n\t\t\t\t<div class=\"elementor-element elementor-element-6b8ec8a elementor-widget elementor-widget-text-editor\" data-id=\"6b8ec8a\" data-element_type=\"widget\" data-widget_type=\"text-editor.default\">\n\t\t\t\t<div class=\"elementor-widget-container\">\n\t\t\t\t\t\t\t\t\t<p><strong>Andreas Fahrh\u00f6fer<\/strong><br \/>0761 \u2013 151 4664-13<br \/><a href=\"mailto:andreas.fahrhoefer@checkpointaidshilfe.de\">andreas.fahrhoefer@checkpointaidshilfe.de<\/a><\/p><p>Daneben steht die <a href=\"http:\/\/http\/www.drogenhilfefreiburg.de\/\" target=\"_blank\" rel=\"noopener\">Drogenhilfe Freiburg e.V.<\/a> in allen weiteren Fragen zum Thema \u00ab\u00a0Hilfen bei Drogengebrauch und Sucht\u00a0\u00bb zur Verf\u00fcgung:<\/p><p><strong>Drogenberatungsstelle (DROBS)<\/strong><br \/>Faulerstra\u00dfe 8, 79098 Freiburg i.Br.<br \/>Tel.0761-33511<\/p><p><strong>Kontaktladen<\/strong><br \/>Rosastra\u00dfe 13, 79098 Freiburg i.Br.<br \/>Tel.0761-3890770<\/p>\t\t\t\t\t\t\t\t<\/div>\n\t\t\t\t<\/div>\n\t\t\t\t\t<\/div>\n\t\t<\/div>\n\t\t\t\t\t<\/div>\n\t\t<\/section>\n\t\t\t\t<\/div>\n\t\t","protected":false},"excerpt":{"rendered":"<p>Consommation de substances Nous conseillons les consommateur\u2219rice\u2219s de drogues sur toutes les questions d\u2019ordre m\u00e9dical li\u00e9es au VIH\/sida et aux STI, comme par exemple la&hellip;<\/p>\n","protected":false},"author":1,"featured_media":0,"parent":1448,"menu_order":0,"comment_status":"closed","ping_status":"closed","template":"","meta":{"footnotes":""},"class_list":["post-1544","page","type-page","status-publish","hentry"],"publishpress_future_action":{"enabled":false,"date":"2026-05-07 07:39:38","action":"change-status","newStatus":"draft","terms":[],"taxonomy":"translation_priority","extraData":[]},"publishpress_future_workflow_manual_trigger":{"enabledWorkflows":[]},"_links":{"self":[{"href":"https:\/\/aids-hilfe-freiburg.de\/fr\/wp-json\/wp\/v2\/pages\/1544","targetHints":{"allow":["GET"]}}],"collection":[{"href":"https:\/\/aids-hilfe-freiburg.de\/fr\/wp-json\/wp\/v2\/pages"}],"about":[{"href":"https:\/\/aids-hilfe-freiburg.de\/fr\/wp-json\/wp\/v2\/types\/page"}],"author":[{"embeddable":true,"href":"https:\/\/aids-hilfe-freiburg.de\/fr\/wp-json\/wp\/v2\/users\/1"}],"replies":[{"embeddable":true,"href":"https:\/\/aids-hilfe-freiburg.de\/fr\/wp-json\/wp\/v2\/comments?post=1544"}],"version-history":[{"count":9,"href":"https:\/\/aids-hilfe-freiburg.de\/fr\/wp-json\/wp\/v2\/pages\/1544\/revisions"}],"predecessor-version":[{"id":4343,"href":"https:\/\/aids-hilfe-freiburg.de\/fr\/wp-json\/wp\/v2\/pages\/1544\/revisions\/4343"}],"up":[{"embeddable":true,"href":"https:\/\/aids-hilfe-freiburg.de\/fr\/wp-json\/wp\/v2\/pages\/1448"}],"wp:attachment":[{"href":"https:\/\/aids-hilfe-freiburg.de\/fr\/wp-json\/wp\/v2\/media?parent=1544"}],"curies":[{"name":"wp","href":"https:\/\/api.w.org\/{rel}","templated":true}]}}