{"id":1574,"date":"2019-04-11T13:24:33","date_gmt":"2019-04-11T13:24:33","guid":{"rendered":"https:\/\/aids-hilfe-freiburg.de\/je-veux-savoir\/checkpoint"},"modified":"2019-04-11T13:24:34","modified_gmt":"2019-04-11T13:24:34","slug":"checkpoint","status":"publish","type":"page","link":"https:\/\/aids-hilfe-freiburg.de\/fr\/je-veux-savoir\/checkpoint\/","title":{"rendered":"Checkpoint"},"content":{"rendered":"\t\t<div data-elementor-type=\"wp-post\" data-elementor-id=\"1574\" class=\"elementor elementor-1574 elementor-443\" data-elementor-post-type=\"page\">\n\t\t\t\t\t\t<section data-particle_enable=\"false\" data-particle-mobile-disabled=\"false\" class=\"elementor-section elementor-top-section elementor-element elementor-element-3da78bc elementor-section-boxed elementor-section-height-default elementor-section-height-default\" data-id=\"3da78bc\" data-element_type=\"section\">\n\t\t\t\t\t\t<div class=\"elementor-container elementor-column-gap-default\">\n\t\t\t\t\t<div class=\"elementor-column elementor-col-100 elementor-top-column elementor-element elementor-element-14e1c74\" data-id=\"14e1c74\" data-element_type=\"column\">\n\t\t\t<div class=\"elementor-widget-wrap elementor-element-populated\">\n\t\t\t\t\t\t<div class=\"elementor-element elementor-element-4cc5c4c elementor-widget elementor-widget-heading\" data-id=\"4cc5c4c\" data-element_type=\"widget\" data-widget_type=\"heading.default\">\n\t\t\t\t<div class=\"elementor-widget-container\">\n\t\t\t\t\t<h4 class=\"elementor-heading-title elementor-size-default\">Checkpoint Freiburg (d\u00e9pistage et conseil)<\/h4>\t\t\t\t<\/div>\n\t\t\t\t<\/div>\n\t\t\t\t\t<\/div>\n\t\t<\/div>\n\t\t\t\t\t<\/div>\n\t\t<\/section>\n\t\t\t\t<section data-particle_enable=\"false\" data-particle-mobile-disabled=\"false\" class=\"elementor-section elementor-top-section elementor-element elementor-element-d059b3e elementor-section-boxed elementor-section-height-default elementor-section-height-default\" data-id=\"d059b3e\" data-element_type=\"section\">\n\t\t\t\t\t\t<div class=\"elementor-container elementor-column-gap-default\">\n\t\t\t\t\t<div class=\"elementor-column elementor-col-66 elementor-top-column elementor-element elementor-element-0ab9bf3\" data-id=\"0ab9bf3\" data-element_type=\"column\">\n\t\t\t<div class=\"elementor-widget-wrap elementor-element-populated\">\n\t\t\t\t\t\t<div class=\"elementor-element elementor-element-b79e8cb elementor-widget elementor-widget-image\" data-id=\"b79e8cb\" data-element_type=\"widget\" data-widget_type=\"image.default\">\n\t\t\t\t<div class=\"elementor-widget-container\">\n\t\t\t\t\t\t\t\t\t\t\t\t\t\t\t<img fetchpriority=\"high\" decoding=\"async\" width=\"843\" height=\"464\" src=\"https:\/\/aids-hilfe-freiburg.de\/wp-content\/uploads\/2018\/08\/checkpoint_abnahme.jpg\" class=\"attachment-large size-large wp-image-1562\" alt=\"Foto aus dem Laborzimmer im Checkpoint Freiburg\" srcset=\"https:\/\/aids-hilfe-freiburg.de\/wp-content\/uploads\/2018\/08\/checkpoint_abnahme.jpg 1000w, https:\/\/aids-hilfe-freiburg.de\/wp-content\/uploads\/2018\/08\/checkpoint_abnahme-300x165.jpg 300w, https:\/\/aids-hilfe-freiburg.de\/wp-content\/uploads\/2018\/08\/checkpoint_abnahme-768x422.jpg 768w\" sizes=\"(max-width: 843px) 100vw, 843px\" \/>\t\t\t\t\t\t\t\t\t\t\t\t\t\t\t<\/div>\n\t\t\t\t<\/div>\n\t\t\t\t<div class=\"elementor-element elementor-element-6be6321 elementor-widget elementor-widget-text-editor\" data-id=\"6be6321\" data-element_type=\"widget\" data-widget_type=\"text-editor.default\">\n\t\t\t\t<div class=\"elementor-widget-container\">\n\t\t\t\t\t\t\t\t\t<p>Tous les 1er et 3e lundis du mois, vous pouvez faire un test rapide et anonyme de d\u00e9pistage du VIH de 18 \u00e0 20 heures au \u00ab\u00a0Checkpoint Freiburg\u00a0\u00bb. Les hommes ayant des rapports sexuels entre hommes peuvent faire un test de d\u00e9pistage suppl\u00e9mentaire de la syphilis, de la chlamydia et de la gonorrh\u00e9e (chaude-pisse). Vous pourrez vous faire d\u00e9pister apr\u00e8s un entretien et une rapide \u00e9valuation du risque.<\/p>\n<p><strong>ATTENTION\u00a0:<\/strong> Il peut y avoir une tr\u00e8s grande affluence mais nous avons un nombre de places disponibles limit\u00e9\u00a0! Merci de votre compr\u00e9hension.<\/p>\n<p>&nbsp;<\/p>\n<p>Tous les 2e et 4e lundis du mois, \u00ab\u00a0Checkpoint Freiburg\u00a0\u00bb vous propose des consultations sur rendez-vous de 18 \u00e0 20 heures. En plus de vous faire conseiller en d\u00e9tail et en toute confidentialit\u00e9 sur toutes les questions li\u00e9es \u00e0 la sant\u00e9 sexuelle, vous pouvez aussi y faire un test de d\u00e9pistage du VIH et d\u2019autres infections sexuellement transmissibles. Par ailleurs, vous pouvez aussi vous faire conseiller sur la PrEP (prophylaxie pr\u00e9-exposition au VIH) et y faire un \u00ab\u00a0PrEP-Check\u00a0\u00bb (examens m\u00e9dicaux avant et pendant une PrEP).<\/p>\n<p><strong>Important\u00a0:<\/strong> Il est absolument indispensable que vous preniez un rendez-vous \u00e0 l\u2019avance pour ces consultations des 2e et 4e lundis du mois\u00a0! Merci de prendre rendez-vous en nous \u00e9crivant \u00e0 team@checkpoint-freiburg.de ou en nous appelant au 0761-1 51 46 64 44.<\/p>\n<p>Tou\u00b7te\u2219s nos collaborateur\u00b7rice\u00b7s sont form\u00e9\u00b7e\u00b7s et soumis\u2219e\u2219s au respect du secret professionnel.<\/p>\n<p>Les tests de d\u00e9pistage ont lieu en coop\u00e9ration avec le service de la sant\u00e9 publique de Freiburg.<\/p>\n\t\t\t\t\t\t\t\t<\/div>\n\t\t\t\t<\/div>\n\t\t\t\t\t<\/div>\n\t\t<\/div>\n\t\t\t\t<div class=\"elementor-column elementor-col-33 elementor-top-column elementor-element elementor-element-bef060f\" data-id=\"bef060f\" data-element_type=\"column\">\n\t\t\t<div class=\"elementor-widget-wrap elementor-element-populated\">\n\t\t\t\t\t\t<div class=\"elementor-element elementor-element-4626590 elementor-widget elementor-widget-image\" data-id=\"4626590\" data-element_type=\"widget\" data-widget_type=\"image.default\">\n\t\t\t\t<div class=\"elementor-widget-container\">\n\t\t\t\t\t\t\t\t\t\t\t\t\t\t\t<img decoding=\"async\" width=\"650\" height=\"440\" src=\"https:\/\/aids-hilfe-freiburg.de\/wp-content\/uploads\/2018\/08\/Checkpoint_Logo.jpg\" class=\"attachment-large size-large wp-image-1561\" alt=\"Logo Checkpoint-Freiburg\" srcset=\"https:\/\/aids-hilfe-freiburg.de\/wp-content\/uploads\/2018\/08\/Checkpoint_Logo.jpg 650w, https:\/\/aids-hilfe-freiburg.de\/wp-content\/uploads\/2018\/08\/Checkpoint_Logo-300x203.jpg 300w\" sizes=\"(max-width: 650px) 100vw, 650px\" \/>\t\t\t\t\t\t\t\t\t\t\t\t\t\t\t<\/div>\n\t\t\t\t<\/div>\n\t\t\t\t<div class=\"elementor-element elementor-element-a2a0c0f elementor-widget elementor-widget-text-editor\" data-id=\"a2a0c0f\" data-element_type=\"widget\" data-widget_type=\"text-editor.default\">\n\t\t\t\t<div class=\"elementor-widget-container\">\n\t\t\t\t\t\t\t\t\t<p><strong>Contact: <a href=\"http:\/\/www.checkpoint-freiburg.de\" target=\"_blank\" rel=\"noopener\">www.checkpoint-freiburg.de<\/a><\/strong><\/p>\n\t\t\t\t\t\t\t\t<\/div>\n\t\t\t\t<\/div>\n\t\t\t\t<div class=\"elementor-element elementor-element-5c61ab2 elementor-widget elementor-widget-text-editor\" data-id=\"5c61ab2\" data-element_type=\"widget\" data-widget_type=\"text-editor.default\">\n\t\t\t\t<div class=\"elementor-widget-container\">\n\t\t\t\t\t\t\t\t\t<p><strong>Stefan Zimmermann<\/strong><br \/>\nFachbereich Beratung, Pr\u00e4vention, MSM (M\u00e4nner die Sex mit M\u00e4nnern haben), Projektkoordination \u00ab\u00a0Checkpoint Freiburg\u00a0\u00bb<\/p>\n<p>0761-151 4664-12<br \/>\n<a href=\"mailto:team@checkpoint-freiburg.de\">team@checkpoint-freiburg.de<\/a><\/p>\n\t\t\t\t\t\t\t\t<\/div>\n\t\t\t\t<\/div>\n\t\t\t\t<div class=\"elementor-element elementor-element-f0bf68c elementor-widget elementor-widget-text-editor\" data-id=\"f0bf68c\" data-element_type=\"widget\" data-widget_type=\"text-editor.default\">\n\t\t\t\t<div class=\"elementor-widget-container\">\n\t\t\t\t\t\t\t\t\t<p><strong>Checkpoint Freiburg<\/strong><br \/>\n<strong>Berliner Allee 29<br \/>\n<\/strong><strong>79110 Freiburg<\/strong><\/p>\n<p><strong>Mit \u00f6ffentlichen Verkehrsmitteln:<br \/>\n<\/strong>Line 4 Richtung Messe, Haltestelle \u00ab\u00a0Els\u00e4sser Stra\u00dfe\u00a0\u00bb<\/p>\n\t\t\t\t\t\t\t\t<\/div>\n\t\t\t\t<\/div>\n\t\t\t\t<div class=\"elementor-element elementor-element-2a5378b elementor-widget elementor-widget-google_maps\" data-id=\"2a5378b\" data-element_type=\"widget\" data-widget_type=\"google_maps.default\">\n\t\t\t\t<div class=\"elementor-widget-container\">\n\t\t\t\t\t\t\t<div class=\"elementor-custom-embed\">\n\t\t\t <div class=\"brlbs-cmpnt-container brlbs-cmpnt-content-blocker brlbs-cmpnt-with-individual-styles\" data-borlabs-cookie-content-blocker-id=\"google-maps\" data-borlabs-cookie-content=\"PGlmcmFtZSBsb2FkaW5nPSJsYXp5IgoJCQkJCXNyYz0iaHR0cHM6Ly9tYXBzLmdvb2dsZS5jb20vbWFwcz9xPUJlcmxpbmVyJTIwQWxsZWUlMjAyOSUyMCUyMDc5MTEwJTIwRnJlaWJ1cmcmIzAzODt0PW0mIzAzODt6PTE1JiMwMzg7b3V0cHV0PWVtYmVkJiMwMzg7aXdsb2M9bmVhciIKCQkJCQl0aXRsZT0iQmVybGluZXIgQWxsZWUgMjkgIDc5MTEwIEZyZWlidXJnIgoJCQkJCWFyaWEtbGFiZWw9IkJlcmxpbmVyIEFsbGVlIDI5ICA3OTExMCBGcmVpYnVyZyIKCQkJPjwvaWZyYW1lPg==\"><div class=\"brlbs-cmpnt-cb-preset-b brlbs-cmpnt-cb-google-maps\"> <div class=\"brlbs-cmpnt-cb-thumbnail\" style=\"background-image: url('https:\/\/aids-hilfe-freiburg.de\/wp-content\/uploads\/borlabs-cookie\/1\/brlbs-cb-google-maps-main.png')\"><\/div> <div class=\"brlbs-cmpnt-cb-main\"> <div class=\"brlbs-cmpnt-cb-content\"> <p class=\"brlbs-cmpnt-cb-description\">Vous \u00eates actuellement en train de consulter le contenu d'un espace r\u00e9serv\u00e9 de <strong>Google Maps<\/strong>. Pour acc\u00e9der au contenu r\u00e9el, cliquez sur le bouton ci-dessous. Veuillez noter que ce faisant, des donn\u00e9es seront partag\u00e9es avec des providers tiers.<\/p> <a class=\"brlbs-cmpnt-cb-provider-toggle\" href=\"#\" data-borlabs-cookie-show-provider-information role=\"button\">Plus d'informations<\/a> <\/div> <div class=\"brlbs-cmpnt-cb-buttons\"> <a class=\"brlbs-cmpnt-cb-btn\" href=\"#\" data-borlabs-cookie-unblock role=\"button\">D\u00e9bloquer le contenu<\/a> <a class=\"brlbs-cmpnt-cb-btn\" href=\"#\" data-borlabs-cookie-accept-service role=\"button\" style=\"display: inherit\">Accepter le service requis et d\u00e9bloquer les contenus<\/a> <\/div> <\/div> <\/div><\/div>\n\t\t<\/div>\n\t\t\t\t\t\t<\/div>\n\t\t\t\t<\/div>\n\t\t\t\t\t<\/div>\n\t\t<\/div>\n\t\t\t\t\t<\/div>\n\t\t<\/section>\n\t\t\t\t<\/div>\n\t\t","protected":false},"excerpt":{"rendered":"<p>Checkpoint Freiburg (d\u00e9pistage et conseil) Tous les 1er et 3e lundis du mois, vous pouvez faire un test rapide et anonyme de d\u00e9pistage du VIH&hellip;<\/p>\n","protected":false},"author":1,"featured_media":0,"parent":1572,"menu_order":0,"comment_status":"closed","ping_status":"closed","template":"","meta":{"footnotes":""},"class_list":["post-1574","page","type-page","status-publish","hentry"],"publishpress_future_action":{"enabled":false,"date":"2026-05-07 08:54:51","action":"change-status","newStatus":"draft","terms":[],"taxonomy":"translation_priority","extraData":[]},"publishpress_future_workflow_manual_trigger":{"enabledWorkflows":[]},"_links":{"self":[{"href":"https:\/\/aids-hilfe-freiburg.de\/fr\/wp-json\/wp\/v2\/pages\/1574","targetHints":{"allow":["GET"]}}],"collection":[{"href":"https:\/\/aids-hilfe-freiburg.de\/fr\/wp-json\/wp\/v2\/pages"}],"about":[{"href":"https:\/\/aids-hilfe-freiburg.de\/fr\/wp-json\/wp\/v2\/types\/page"}],"author":[{"embeddable":true,"href":"https:\/\/aids-hilfe-freiburg.de\/fr\/wp-json\/wp\/v2\/users\/1"}],"replies":[{"embeddable":true,"href":"https:\/\/aids-hilfe-freiburg.de\/fr\/wp-json\/wp\/v2\/comments?post=1574"}],"version-history":[{"count":1,"href":"https:\/\/aids-hilfe-freiburg.de\/fr\/wp-json\/wp\/v2\/pages\/1574\/revisions"}],"predecessor-version":[{"id":1575,"href":"https:\/\/aids-hilfe-freiburg.de\/fr\/wp-json\/wp\/v2\/pages\/1574\/revisions\/1575"}],"up":[{"embeddable":true,"href":"https:\/\/aids-hilfe-freiburg.de\/fr\/wp-json\/wp\/v2\/pages\/1572"}],"wp:attachment":[{"href":"https:\/\/aids-hilfe-freiburg.de\/fr\/wp-json\/wp\/v2\/media?parent=1574"}],"curies":[{"name":"wp","href":"https:\/\/api.w.org\/{rel}","templated":true}]}}