{"id":1587,"date":"2019-04-11T14:03:20","date_gmt":"2019-04-11T14:03:20","guid":{"rendered":"https:\/\/aids-hilfe-freiburg.de\/je-veux-savoir\/migration"},"modified":"2022-04-29T10:26:51","modified_gmt":"2022-04-29T10:26:51","slug":"migration","status":"publish","type":"page","link":"https:\/\/aids-hilfe-freiburg.de\/fr\/je-veux-savoir\/migration\/","title":{"rendered":"Migration"},"content":{"rendered":"\t\t<div data-elementor-type=\"wp-post\" data-elementor-id=\"1587\" class=\"elementor elementor-1587 elementor-892\" data-elementor-post-type=\"page\">\n\t\t\t\t\t\t<section data-particle_enable=\"false\" data-particle-mobile-disabled=\"false\" class=\"elementor-section elementor-top-section elementor-element elementor-element-b7a2f98 elementor-section-boxed elementor-section-height-default elementor-section-height-default\" data-id=\"b7a2f98\" data-element_type=\"section\">\n\t\t\t\t\t\t<div class=\"elementor-container elementor-column-gap-default\">\n\t\t\t\t\t<div class=\"elementor-column elementor-col-100 elementor-top-column elementor-element elementor-element-b8e25e9\" data-id=\"b8e25e9\" data-element_type=\"column\">\n\t\t\t<div class=\"elementor-widget-wrap elementor-element-populated\">\n\t\t\t\t\t\t<div class=\"elementor-element elementor-element-013eefa elementor-widget elementor-widget-heading\" data-id=\"013eefa\" data-element_type=\"widget\" data-widget_type=\"heading.default\">\n\t\t\t\t<div class=\"elementor-widget-container\">\n\t\t\t\t\t<h4 class=\"elementor-heading-title elementor-size-default\">Migration<\/h4>\t\t\t\t<\/div>\n\t\t\t\t<\/div>\n\t\t\t\t\t<\/div>\n\t\t<\/div>\n\t\t\t\t\t<\/div>\n\t\t<\/section>\n\t\t\t\t<section data-particle_enable=\"false\" data-particle-mobile-disabled=\"false\" class=\"elementor-section elementor-top-section elementor-element elementor-element-84c1973 elementor-section-boxed elementor-section-height-default elementor-section-height-default\" data-id=\"84c1973\" data-element_type=\"section\">\n\t\t\t\t\t\t<div class=\"elementor-container elementor-column-gap-default\">\n\t\t\t\t\t<div class=\"elementor-column elementor-col-66 elementor-top-column elementor-element elementor-element-c0ede96\" data-id=\"c0ede96\" data-element_type=\"column\">\n\t\t\t<div class=\"elementor-widget-wrap elementor-element-populated\">\n\t\t\t\t\t\t<div class=\"elementor-element elementor-element-eb9d248 elementor-widget elementor-widget-image\" data-id=\"eb9d248\" data-element_type=\"widget\" data-widget_type=\"image.default\">\n\t\t\t\t<div class=\"elementor-widget-container\">\n\t\t\t\t\t\t\t\t\t\t\t\t\t\t\t<img fetchpriority=\"high\" decoding=\"async\" width=\"800\" height=\"440\" src=\"https:\/\/aids-hilfe-freiburg.de\/wp-content\/uploads\/2018\/10\/migration.jpg\" class=\"attachment-large size-large wp-image-1431\" alt=\"Menschen aus verschiedenen Kulturen halten sich die H\u00e4nde\" srcset=\"https:\/\/aids-hilfe-freiburg.de\/wp-content\/uploads\/2018\/10\/migration.jpg 800w, https:\/\/aids-hilfe-freiburg.de\/wp-content\/uploads\/2018\/10\/migration-300x165.jpg 300w, https:\/\/aids-hilfe-freiburg.de\/wp-content\/uploads\/2018\/10\/migration-768x422.jpg 768w\" sizes=\"(max-width: 800px) 100vw, 800px\" \/>\t\t\t\t\t\t\t\t\t\t\t\t\t\t\t<\/div>\n\t\t\t\t<\/div>\n\t\t\t\t<div class=\"elementor-element elementor-element-b1e4dbd elementor-widget elementor-widget-text-editor\" data-id=\"b1e4dbd\" data-element_type=\"widget\" data-widget_type=\"text-editor.default\">\n\t\t\t\t<div class=\"elementor-widget-container\">\n\t\t\t\t\t\t\t\t\t<p>Les migrant\u00b7e\u00b7s \u00a0qui vivent en Allemagne ne constituent pas un groupe homog\u00e8ne. \u00a0Beaucoup d\u2019entre elles\u00b7eux vivent depuis d\u00e9j\u00e0 longtemps en Allemagne alors que d\u2019autres arrivent ici apr\u00e8s avoir fui leur pays et v\u00e9cu des exp\u00e9riences en partie traumatisantes pendant leur fuite.<\/p>\n<p>Les migrant\u00b7e\u00b7s \u00a0nouvellement arriv\u00e9\u00b7e\u00b7s \u00a0et les personnes ayant fui leur pays savent souvent peu de choses sur le syst\u00e8me de sant\u00e9 allemand et ce qu\u2019il propose. Nous consid\u00e9rons qu\u2019il est de notre devoir de les renseigner sur la sant\u00e9 (sexuelle) et de leur faciliter l\u2019acc\u00e8s au syst\u00e8me de sant\u00e9 et aux soins.<\/p>\n<p><strong>Voici ce que nous proposons dans le domaine de la migration\u00a0:<\/strong><\/p>\n<p><strong>Pr\u00e9vention<\/strong><\/p>\n<p>Dans le cadre de notre programme \u00ab\u00a0GeMi\u00a0\u00bb (abr\u00e9viation de \u00ab\u00a0sant\u00e9 + migration\u00a0\u00bb en allemand), nous proposons des r\u00e9unions d\u2019information et des actions de pr\u00e9vention pour les classes internationales, les foyers d\u2019h\u00e9bergement collectif, les groupes r\u00e9sidentiels pour jeunes (r\u00e9fugi\u00e9s mineurs non accompagn\u00e9s) et les \u00e9coles de langue. Nous pouvons faire ces interventions dans diff\u00e9rentes langues, en collaboration avec des coll\u00e8gues, femmes et hommes, ayant v\u00e9cu l\u2019exp\u00e9rience de la migration.<\/p>\n<p>Dans les actions de pr\u00e9vention, il est possible de choisir parmi quatre autres modules en plus du module de base\u00a0:<\/p>\n<p><strong>le module de base\u00a0:<\/strong><br \/>\n&#8211; les infections sexuellement transmissibles et le VIH\/sida<\/p>\n<p><strong>les autres modules:<br \/>\n<\/strong>&#8211; introduction sur la sant\u00e9<br \/>\n&#8211; les genres et la sexualit\u00e9<br \/>\n&#8211; connaissances sur le corps<br \/>\n&#8211; les rapports entre moi et les autres<\/p>\n\t\t\t\t\t\t\t\t<\/div>\n\t\t\t\t<\/div>\n\t\t\t\t\t<\/div>\n\t\t<\/div>\n\t\t\t\t<div class=\"elementor-column elementor-col-33 elementor-top-column elementor-element elementor-element-b9ecaa3\" data-id=\"b9ecaa3\" data-element_type=\"column\">\n\t\t\t<div class=\"elementor-widget-wrap elementor-element-populated\">\n\t\t\t\t\t\t<div class=\"elementor-element elementor-element-0a3e0c6 elementor-widget elementor-widget-image\" data-id=\"0a3e0c6\" data-element_type=\"widget\" data-widget_type=\"image.default\">\n\t\t\t\t<div class=\"elementor-widget-container\">\n\t\t\t\t\t\t\t\t\t\t\t\t\t\t\t<img decoding=\"async\" width=\"843\" height=\"487\" src=\"https:\/\/aids-hilfe-freiburg.de\/wp-content\/uploads\/2018\/11\/GeMi-Logo-1024x592.png\" class=\"attachment-large size-large wp-image-1582\" alt=\"Logo von GeMi Gesundheit und Migration\" srcset=\"https:\/\/aids-hilfe-freiburg.de\/wp-content\/uploads\/2018\/11\/GeMi-Logo-1024x592.png 1024w, https:\/\/aids-hilfe-freiburg.de\/wp-content\/uploads\/2018\/11\/GeMi-Logo-300x174.png 300w, https:\/\/aids-hilfe-freiburg.de\/wp-content\/uploads\/2018\/11\/GeMi-Logo-768x444.png 768w, https:\/\/aids-hilfe-freiburg.de\/wp-content\/uploads\/2018\/11\/GeMi-Logo.png 1616w\" sizes=\"(max-width: 843px) 100vw, 843px\" \/>\t\t\t\t\t\t\t\t\t\t\t\t\t\t\t<\/div>\n\t\t\t\t<\/div>\n\t\t\t\t<div class=\"elementor-element elementor-element-902ae3d elementor-widget elementor-widget-heading\" data-id=\"902ae3d\" data-element_type=\"widget\" data-widget_type=\"heading.default\">\n\t\t\t\t<div class=\"elementor-widget-container\">\n\t\t\t\t\t<h4 class=\"elementor-heading-title elementor-size-default\">Contact:<\/h4>\t\t\t\t<\/div>\n\t\t\t\t<\/div>\n\t\t\t\t<div class=\"elementor-element elementor-element-e0ad4bf elementor-widget elementor-widget-text-editor\" data-id=\"e0ad4bf\" data-element_type=\"widget\" data-widget_type=\"text-editor.default\">\n\t\t\t\t<div class=\"elementor-widget-container\">\n\t\t\t\t\t\t\t\t\t<p><strong>Bettina Deuschle <br \/><\/strong>Fachbereich Frauen und Migration<br \/>0761-151 4664-16<br \/><a href=\"mailto:bettina.deuschle@checkpointaidshilfe.de\">bettina.deuschle@checkpointaidshilfe.de<\/a><\/p>\t\t\t\t\t\t\t\t<\/div>\n\t\t\t\t<\/div>\n\t\t\t\t<div class=\"elementor-element elementor-element-098179c elementor-widget elementor-widget-text-editor\" data-id=\"098179c\" data-element_type=\"widget\" data-widget_type=\"text-editor.default\">\n\t\t\t\t<div class=\"elementor-widget-container\">\n\t\t\t\t\t\t\t\t\t<p><strong><a href=\"http:\/\/s697962966.online.de\/wp-content\/uploads\/2018\/11\/GeMi-Folder-1.pdf\" target=\"_blank\" rel=\"noopener\"><img decoding=\"async\" class=\"alignleft wp-image-899 size-medium\" src=\"https:\/\/aids-hilfe-freiburg.de\/wp-content\/uploads\/2018\/11\/Gemi-Folder-Titelbild-150x300.jpg\" alt=\"\" width=\"150\" height=\"300\" srcset=\"https:\/\/aids-hilfe-freiburg.de\/wp-content\/uploads\/2018\/11\/Gemi-Folder-Titelbild-150x300.jpg 150w, https:\/\/aids-hilfe-freiburg.de\/wp-content\/uploads\/2018\/11\/Gemi-Folder-Titelbild-512x1024.jpg 512w, https:\/\/aids-hilfe-freiburg.de\/wp-content\/uploads\/2018\/11\/Gemi-Folder-Titelbild.jpg 620w\" sizes=\"(max-width: 150px) 100vw, 150px\" \/><\/a>Folder:<\/strong><br \/>\n<a href=\"http:\/\/s697962966.online.de\/wp-content\/uploads\/2018\/11\/GeMi-Folder-1.pdf\" target=\"_blank\" rel=\"noopener\">Download<\/a><\/p>\n\t\t\t\t\t\t\t\t<\/div>\n\t\t\t\t<\/div>\n\t\t\t\t<div class=\"elementor-element elementor-element-d55077e elementor-widget elementor-widget-text-editor\" data-id=\"d55077e\" data-element_type=\"widget\" data-widget_type=\"text-editor.default\">\n\t\t\t\t<div class=\"elementor-widget-container\">\n\t\t\t\t\t\t\t\t\t<p><a href=\"https:\/\/www.your-health.tips\/de\" target=\"_blank\" rel=\"noopener\">Your Health:<\/a> <a href=\"https:\/\/www.your-health.tips\/de\" target=\"_blank\" rel=\"noopener\"><img loading=\"lazy\" decoding=\"async\" class=\"aligncenter wp-image-995 size-medium\" src=\"https:\/\/aids-hilfe-freiburg.de\/wp-content\/uploads\/2018\/11\/yourhealth-300x248.png\" alt=\"\" width=\"300\" height=\"248\" \/><\/a><\/p>\n\t\t\t\t\t\t\t\t<\/div>\n\t\t\t\t<\/div>\n\t\t\t\t\t<\/div>\n\t\t<\/div>\n\t\t\t\t\t<\/div>\n\t\t<\/section>\n\t\t\t\t<\/div>\n\t\t","protected":false},"excerpt":{"rendered":"<p>Migration Les migrant\u00b7e\u00b7s \u00a0qui vivent en Allemagne ne constituent pas un groupe homog\u00e8ne. \u00a0Beaucoup d\u2019entre elles\u00b7eux vivent depuis d\u00e9j\u00e0 longtemps en Allemagne alors que d\u2019autres&hellip;<\/p>\n","protected":false},"author":1,"featured_media":0,"parent":1572,"menu_order":0,"comment_status":"closed","ping_status":"closed","template":"","meta":{"footnotes":""},"class_list":["post-1587","page","type-page","status-publish","hentry"],"publishpress_future_action":{"enabled":false,"date":"2026-05-09 14:24:24","action":"change-status","newStatus":"draft","terms":[],"taxonomy":"translation_priority","extraData":[]},"publishpress_future_workflow_manual_trigger":{"enabledWorkflows":[]},"_links":{"self":[{"href":"https:\/\/aids-hilfe-freiburg.de\/fr\/wp-json\/wp\/v2\/pages\/1587","targetHints":{"allow":["GET"]}}],"collection":[{"href":"https:\/\/aids-hilfe-freiburg.de\/fr\/wp-json\/wp\/v2\/pages"}],"about":[{"href":"https:\/\/aids-hilfe-freiburg.de\/fr\/wp-json\/wp\/v2\/types\/page"}],"author":[{"embeddable":true,"href":"https:\/\/aids-hilfe-freiburg.de\/fr\/wp-json\/wp\/v2\/users\/1"}],"replies":[{"embeddable":true,"href":"https:\/\/aids-hilfe-freiburg.de\/fr\/wp-json\/wp\/v2\/comments?post=1587"}],"version-history":[{"count":4,"href":"https:\/\/aids-hilfe-freiburg.de\/fr\/wp-json\/wp\/v2\/pages\/1587\/revisions"}],"predecessor-version":[{"id":4349,"href":"https:\/\/aids-hilfe-freiburg.de\/fr\/wp-json\/wp\/v2\/pages\/1587\/revisions\/4349"}],"up":[{"embeddable":true,"href":"https:\/\/aids-hilfe-freiburg.de\/fr\/wp-json\/wp\/v2\/pages\/1572"}],"wp:attachment":[{"href":"https:\/\/aids-hilfe-freiburg.de\/fr\/wp-json\/wp\/v2\/media?parent=1587"}],"curies":[{"name":"wp","href":"https:\/\/api.w.org\/{rel}","templated":true}]}}