{"id":1603,"date":"2019-04-11T14:13:32","date_gmt":"2019-04-11T14:13:32","guid":{"rendered":"https:\/\/aids-hilfe-freiburg.de\/je-veux-savoir\/stop-aux-discriminations"},"modified":"2019-04-11T14:13:32","modified_gmt":"2019-04-11T14:13:32","slug":"stop-aux-discriminations","status":"publish","type":"page","link":"https:\/\/aids-hilfe-freiburg.de\/fr\/je-veux-savoir\/stop-aux-discriminations\/","title":{"rendered":"Stop aux discriminations"},"content":{"rendered":"\t\t<div data-elementor-type=\"wp-post\" data-elementor-id=\"1603\" class=\"elementor elementor-1603 elementor-883\" data-elementor-post-type=\"page\">\n\t\t\t\t\t\t<section data-particle_enable=\"false\" data-particle-mobile-disabled=\"false\" class=\"elementor-section elementor-top-section elementor-element elementor-element-3da78bc elementor-section-boxed elementor-section-height-default elementor-section-height-default\" data-id=\"3da78bc\" data-element_type=\"section\">\n\t\t\t\t\t\t<div class=\"elementor-container elementor-column-gap-default\">\n\t\t\t\t\t<div class=\"elementor-column elementor-col-100 elementor-top-column elementor-element elementor-element-14e1c74\" data-id=\"14e1c74\" data-element_type=\"column\">\n\t\t\t<div class=\"elementor-widget-wrap elementor-element-populated\">\n\t\t\t\t\t\t<div class=\"elementor-element elementor-element-4cc5c4c elementor-widget elementor-widget-heading\" data-id=\"4cc5c4c\" data-element_type=\"widget\" data-widget_type=\"heading.default\">\n\t\t\t\t<div class=\"elementor-widget-container\">\n\t\t\t\t\t<h4 class=\"elementor-heading-title elementor-size-default\">Stop aux discriminations<\/h4>\t\t\t\t<\/div>\n\t\t\t\t<\/div>\n\t\t\t\t\t<\/div>\n\t\t<\/div>\n\t\t\t\t\t<\/div>\n\t\t<\/section>\n\t\t\t\t<section data-particle_enable=\"false\" data-particle-mobile-disabled=\"false\" class=\"elementor-section elementor-top-section elementor-element elementor-element-1b1ebd8 elementor-section-boxed elementor-section-height-default elementor-section-height-default\" data-id=\"1b1ebd8\" data-element_type=\"section\">\n\t\t\t\t\t\t<div class=\"elementor-container elementor-column-gap-default\">\n\t\t\t\t\t<div class=\"elementor-column elementor-col-33 elementor-top-column elementor-element elementor-element-0326778\" data-id=\"0326778\" data-element_type=\"column\">\n\t\t\t<div class=\"elementor-widget-wrap elementor-element-populated\">\n\t\t\t\t\t\t<div class=\"elementor-element elementor-element-db74eb5 elementor-widget elementor-widget-image\" data-id=\"db74eb5\" data-element_type=\"widget\" data-widget_type=\"image.default\">\n\t\t\t\t<div class=\"elementor-widget-container\">\n\t\t\t\t\t\t\t\t\t\t\t\t\t\t\t<img fetchpriority=\"high\" decoding=\"async\" width=\"620\" height=\"874\" src=\"https:\/\/aids-hilfe-freiburg.de\/wp-content\/uploads\/2018\/11\/Postkarte.jpg\" class=\"attachment-large size-large wp-image-1599\" alt=\"Motiv 1 der Anzeigenkampagne\" srcset=\"https:\/\/aids-hilfe-freiburg.de\/wp-content\/uploads\/2018\/11\/Postkarte.jpg 620w, https:\/\/aids-hilfe-freiburg.de\/wp-content\/uploads\/2018\/11\/Postkarte-213x300.jpg 213w\" sizes=\"(max-width: 620px) 100vw, 620px\" \/>\t\t\t\t\t\t\t\t\t\t\t\t\t\t\t<\/div>\n\t\t\t\t<\/div>\n\t\t\t\t<div class=\"elementor-element elementor-element-15fd8b7 elementor-widget elementor-widget-text-editor\" data-id=\"15fd8b7\" data-element_type=\"widget\" data-widget_type=\"text-editor.default\">\n\t\t\t\t<div class=\"elementor-widget-container\">\n\t\t\t\t\t\t\t\t\t<p>&nbsp;<\/p>\n\t\t\t\t\t\t\t\t<\/div>\n\t\t\t\t<\/div>\n\t\t\t\t\t<\/div>\n\t\t<\/div>\n\t\t\t\t<div class=\"elementor-column elementor-col-33 elementor-top-column elementor-element elementor-element-64cdf22\" data-id=\"64cdf22\" data-element_type=\"column\">\n\t\t\t<div class=\"elementor-widget-wrap elementor-element-populated\">\n\t\t\t\t\t\t<div class=\"elementor-element elementor-element-3816e2e elementor-widget elementor-widget-image\" data-id=\"3816e2e\" data-element_type=\"widget\" data-widget_type=\"image.default\">\n\t\t\t\t<div class=\"elementor-widget-container\">\n\t\t\t\t\t\t\t\t\t\t\t\t\t\t\t<img decoding=\"async\" width=\"620\" height=\"874\" src=\"https:\/\/aids-hilfe-freiburg.de\/wp-content\/uploads\/2018\/11\/Postkarte2.jpg\" class=\"attachment-large size-large wp-image-1600\" alt=\"Motiv 2 der Anzeigenkampagne\" srcset=\"https:\/\/aids-hilfe-freiburg.de\/wp-content\/uploads\/2018\/11\/Postkarte2.jpg 620w, https:\/\/aids-hilfe-freiburg.de\/wp-content\/uploads\/2018\/11\/Postkarte2-213x300.jpg 213w\" sizes=\"(max-width: 620px) 100vw, 620px\" \/>\t\t\t\t\t\t\t\t\t\t\t\t\t\t\t<\/div>\n\t\t\t\t<\/div>\n\t\t\t\t<div class=\"elementor-element elementor-element-26fd2f9 elementor-widget elementor-widget-text-editor\" data-id=\"26fd2f9\" data-element_type=\"widget\" data-widget_type=\"text-editor.default\">\n\t\t\t\t<div class=\"elementor-widget-container\">\n\t\t\t\t\t\t\t\t\t<p>&nbsp;<\/p>\n\t\t\t\t\t\t\t\t<\/div>\n\t\t\t\t<\/div>\n\t\t\t\t\t<\/div>\n\t\t<\/div>\n\t\t\t\t<div class=\"elementor-column elementor-col-33 elementor-top-column elementor-element elementor-element-6c876ae\" data-id=\"6c876ae\" data-element_type=\"column\">\n\t\t\t<div class=\"elementor-widget-wrap elementor-element-populated\">\n\t\t\t\t\t\t<div class=\"elementor-element elementor-element-1fc6715 elementor-widget elementor-widget-image\" data-id=\"1fc6715\" data-element_type=\"widget\" data-widget_type=\"image.default\">\n\t\t\t\t<div class=\"elementor-widget-container\">\n\t\t\t\t\t\t\t\t\t\t\t\t\t\t\t<img decoding=\"async\" width=\"620\" height=\"874\" src=\"https:\/\/aids-hilfe-freiburg.de\/wp-content\/uploads\/2018\/11\/Postkarte3.jpg\" class=\"attachment-large size-large wp-image-1601\" alt=\"Motiv 3 der Anzeigenkampagne\" srcset=\"https:\/\/aids-hilfe-freiburg.de\/wp-content\/uploads\/2018\/11\/Postkarte3.jpg 620w, https:\/\/aids-hilfe-freiburg.de\/wp-content\/uploads\/2018\/11\/Postkarte3-213x300.jpg 213w\" sizes=\"(max-width: 620px) 100vw, 620px\" \/>\t\t\t\t\t\t\t\t\t\t\t\t\t\t\t<\/div>\n\t\t\t\t<\/div>\n\t\t\t\t<div class=\"elementor-element elementor-element-689357c elementor-widget elementor-widget-text-editor\" data-id=\"689357c\" data-element_type=\"widget\" data-widget_type=\"text-editor.default\">\n\t\t\t\t<div class=\"elementor-widget-container\">\n\t\t\t\t\t\t\t\t\t<p>&nbsp;<\/p>\n\t\t\t\t\t\t\t\t<\/div>\n\t\t\t\t<\/div>\n\t\t\t\t\t<\/div>\n\t\t<\/div>\n\t\t\t\t\t<\/div>\n\t\t<\/section>\n\t\t\t\t<section data-particle_enable=\"false\" data-particle-mobile-disabled=\"false\" class=\"elementor-section elementor-top-section elementor-element elementor-element-d059b3e elementor-section-boxed elementor-section-height-default elementor-section-height-default\" data-id=\"d059b3e\" data-element_type=\"section\">\n\t\t\t\t\t\t<div class=\"elementor-container elementor-column-gap-default\">\n\t\t\t\t\t<div class=\"elementor-column elementor-col-66 elementor-top-column elementor-element elementor-element-0ab9bf3\" data-id=\"0ab9bf3\" data-element_type=\"column\">\n\t\t\t<div class=\"elementor-widget-wrap elementor-element-populated\">\n\t\t\t\t\t\t<div class=\"elementor-element elementor-element-6be6321 elementor-widget elementor-widget-text-editor\" data-id=\"6be6321\" data-element_type=\"widget\" data-widget_type=\"text-editor.default\">\n\t\t\t\t<div class=\"elementor-widget-container\">\n\t\t\t\t\t\t\t\t\t<p><strong>\u00ab\u00a0Stopp Diskriminierung\u00a0\u00bb<\/strong> est une campagne men\u00e9e dans le sud du Pays de Bade dans le cadre de l\u2019action <strong>\u00ab\u00a0Kein AIDS f\u00fcr alle\u00a0\u00bb (\u00ab\u00a0Plus de sida pour personne\u00a0\u00bb)<\/strong>.<\/p>\n<p>Vous trouverez plus de renseignements sur la campagne allemande \u00ab\u00a0Kein AIDS f\u00fcr alle\u00a0\u00bb ici&#8230;<\/p>\n<p><strong>Tu subis des discriminations en tant que personne vivant avec le VIH\/sida\u00a0?<\/strong><\/p>\n<p>Fais-toi conseiller\u00a0! \u00ab\u00a0AIDS-Hilfe Freiburg\u00a0\u00bb (aide locale contre le sida) propose des <strong>conseils d\u00e9taill\u00e9s sur la lutte contre les discriminations<\/strong>. Pour plus d\u2019infos \u00e0 ce sujet, clique ici\u2026<\/p>\n<p>&nbsp;<\/p>\n<p>Nous travaillons en \u00e9troite collaboration avec le service \u00e0 contacter en cas de discriminations li\u00e9es au VIH de la \u00ab\u00a0Deutsche AIDS-Hilfe\u00a0\u00bb (aide allemande contre le sida) \u00e0 Berlin.<\/p>\n<p>Les conseillers\u2219\u00e8re\u2219s et les personnes qui veulent s\u2019engager dans la lutte contre les discriminations trouveront beaucoup d\u2019informations et d\u2019outils p\u00e9dagogiques sur la page www.hiv-diskriminierung.de.<\/p>\n<p><strong>Tu t\u2019int\u00e9resses aux formations que nous proposons dans le domaine du VIH et des autres questions relatives\u00a0\u00e0 la sant\u00e9 sexuelle\u00a0?<\/strong><\/p>\n<p>Prends contact avec nous. \u00a0Nous offrons un large \u00e9ventail de programmes d\u2019information et d\u2019\u00e9ducation sur tout ce qui touche au VIH et \u00e0 la sant\u00e9 sexuelle.<\/p>\n<p>&nbsp;<\/p>\n<p>Tu trouveras aussi beaucoup d\u2019autres informations sur les discriminations sur le blog de la \u00ab\u00a0Deutsche AIDS-Hilfe\u00a0\u00bb (aide allemande contre le sida).<\/p>\n<p>&nbsp;<\/p>\n<p><strong>\u00a0<\/strong><\/p>\n\t\t\t\t\t\t\t\t<\/div>\n\t\t\t\t<\/div>\n\t\t\t\t\t<\/div>\n\t\t<\/div>\n\t\t\t\t<div class=\"elementor-column elementor-col-33 elementor-top-column elementor-element elementor-element-bef060f\" data-id=\"bef060f\" data-element_type=\"column\">\n\t\t\t<div class=\"elementor-widget-wrap elementor-element-populated\">\n\t\t\t\t\t\t<div class=\"elementor-element elementor-element-4626590 elementor-widget elementor-widget-image\" data-id=\"4626590\" data-element_type=\"widget\" data-widget_type=\"image.default\">\n\t\t\t\t<div class=\"elementor-widget-container\">\n\t\t\t\t\t\t\t\t\t\t\t\t\t\t\t<img loading=\"lazy\" decoding=\"async\" width=\"599\" height=\"338\" src=\"https:\/\/aids-hilfe-freiburg.de\/wp-content\/uploads\/2018\/11\/kein-aids.jpg\" class=\"attachment-large size-large wp-image-1598\" alt=\"Logo Kein Aids f\u00fcr alles Kampagne\" srcset=\"https:\/\/aids-hilfe-freiburg.de\/wp-content\/uploads\/2018\/11\/kein-aids.jpg 599w, https:\/\/aids-hilfe-freiburg.de\/wp-content\/uploads\/2018\/11\/kein-aids-300x169.jpg 300w\" sizes=\"(max-width: 599px) 100vw, 599px\" \/>\t\t\t\t\t\t\t\t\t\t\t\t\t\t\t<\/div>\n\t\t\t\t<\/div>\n\t\t\t\t\t<\/div>\n\t\t<\/div>\n\t\t\t\t\t<\/div>\n\t\t<\/section>\n\t\t\t\t<\/div>\n\t\t","protected":false},"excerpt":{"rendered":"<p>Stop aux discriminations &nbsp; &nbsp; &nbsp; \u00ab\u00a0Stopp Diskriminierung\u00a0\u00bb est une campagne men\u00e9e dans le sud du Pays de Bade dans le cadre de l\u2019action \u00ab\u00a0Kein&hellip;<\/p>\n","protected":false},"author":1,"featured_media":0,"parent":1572,"menu_order":0,"comment_status":"closed","ping_status":"closed","template":"","meta":{"footnotes":""},"class_list":["post-1603","page","type-page","status-publish","hentry"],"publishpress_future_action":{"enabled":false,"date":"2026-05-02 18:17:09","action":"change-status","newStatus":"draft","terms":[],"taxonomy":"translation_priority","extraData":[]},"publishpress_future_workflow_manual_trigger":{"enabledWorkflows":[]},"_links":{"self":[{"href":"https:\/\/aids-hilfe-freiburg.de\/fr\/wp-json\/wp\/v2\/pages\/1603","targetHints":{"allow":["GET"]}}],"collection":[{"href":"https:\/\/aids-hilfe-freiburg.de\/fr\/wp-json\/wp\/v2\/pages"}],"about":[{"href":"https:\/\/aids-hilfe-freiburg.de\/fr\/wp-json\/wp\/v2\/types\/page"}],"author":[{"embeddable":true,"href":"https:\/\/aids-hilfe-freiburg.de\/fr\/wp-json\/wp\/v2\/users\/1"}],"replies":[{"embeddable":true,"href":"https:\/\/aids-hilfe-freiburg.de\/fr\/wp-json\/wp\/v2\/comments?post=1603"}],"version-history":[{"count":1,"href":"https:\/\/aids-hilfe-freiburg.de\/fr\/wp-json\/wp\/v2\/pages\/1603\/revisions"}],"predecessor-version":[{"id":1604,"href":"https:\/\/aids-hilfe-freiburg.de\/fr\/wp-json\/wp\/v2\/pages\/1603\/revisions\/1604"}],"up":[{"embeddable":true,"href":"https:\/\/aids-hilfe-freiburg.de\/fr\/wp-json\/wp\/v2\/pages\/1572"}],"wp:attachment":[{"href":"https:\/\/aids-hilfe-freiburg.de\/fr\/wp-json\/wp\/v2\/media?parent=1603"}],"curies":[{"name":"wp","href":"https:\/\/api.w.org\/{rel}","templated":true}]}}