{"id":939,"date":"2018-11-02T08:26:58","date_gmt":"2018-11-02T08:26:58","guid":{"rendered":"http:\/\/s697962966.online.de\/?page_id=939"},"modified":"2021-12-02T14:53:16","modified_gmt":"2021-12-02T14:53:16","slug":"links","status":"publish","type":"page","link":"https:\/\/aids-hilfe-freiburg.de\/fr\/links\/","title":{"rendered":"Links"},"content":{"rendered":"\t\t<div data-elementor-type=\"wp-post\" data-elementor-id=\"939\" class=\"elementor elementor-939\" data-elementor-post-type=\"page\">\n\t\t\t\t\t\t<section data-particle_enable=\"false\" data-particle-mobile-disabled=\"false\" class=\"elementor-section elementor-top-section elementor-element elementor-element-7bd859c elementor-section-boxed elementor-section-height-default elementor-section-height-default\" data-id=\"7bd859c\" data-element_type=\"section\">\n\t\t\t\t\t\t<div class=\"elementor-container elementor-column-gap-default\">\n\t\t\t\t\t<div class=\"elementor-column elementor-col-100 elementor-top-column elementor-element elementor-element-f1050ad\" data-id=\"f1050ad\" data-element_type=\"column\">\n\t\t\t<div class=\"elementor-widget-wrap elementor-element-populated\">\n\t\t\t\t\t\t<div class=\"elementor-element elementor-element-a8787fb elementor-widget elementor-widget-heading\" data-id=\"a8787fb\" data-element_type=\"widget\" data-widget_type=\"heading.default\">\n\t\t\t\t<div class=\"elementor-widget-container\">\n\t\t\t\t\t<h4 class=\"elementor-heading-title elementor-size-default\">Links<\/h4>\t\t\t\t<\/div>\n\t\t\t\t<\/div>\n\t\t\t\t\t<\/div>\n\t\t<\/div>\n\t\t\t\t\t<\/div>\n\t\t<\/section>\n\t\t\t\t<section data-particle_enable=\"false\" data-particle-mobile-disabled=\"false\" class=\"elementor-section elementor-top-section elementor-element elementor-element-93d4077 elementor-section-boxed elementor-section-height-default elementor-section-height-default\" data-id=\"93d4077\" data-element_type=\"section\">\n\t\t\t\t\t\t<div class=\"elementor-container elementor-column-gap-default\">\n\t\t\t\t\t<div class=\"elementor-column elementor-col-50 elementor-top-column elementor-element elementor-element-a8030fc\" data-id=\"a8030fc\" data-element_type=\"column\">\n\t\t\t<div class=\"elementor-widget-wrap elementor-element-populated\">\n\t\t\t\t\t\t<div class=\"elementor-element elementor-element-693fbbed elementor-widget elementor-widget-text-editor\" data-id=\"693fbbed\" data-element_type=\"widget\" data-widget_type=\"text-editor.default\">\n\t\t\t\t<div class=\"elementor-widget-container\">\n\t\t\t\t\t\t\t\t\t<h4><strong>Freiburger Gesundheitsnetzwerk<\/strong><\/h4><p><strong>Klinische Einrichtungen:<\/strong><\/p><p><a href=\"https:\/\/www.uniklinik-freiburg.de\/cci.html\" target=\"_blank\" rel=\"noopener\">Centrum f\u00fcr Chronische Immundefizienz<\/a><br \/><em>Das CCI ist ein in Deutschland einzigartiges Referenzzentrum f\u00fcr Immundefekte.<\/em><\/p><p><a href=\"https:\/\/www.uniklinik-freiburg.de\/infektiologie.html\" target=\"_blank\" rel=\"noopener\">Infektiologie am Universit\u00e4tsklinikum Freiburg<\/a><\/p><p><a href=\"https:\/\/www.uniklinik-freiburg.de\/frauenheilkunde.html\" target=\"_blank\" rel=\"noopener\">Klinik f\u00fcr Frauenheilkunde am Universit\u00e4tsklinikum Freiburg<\/a><\/p><p><a href=\"https:\/\/www.uniklinik-freiburg.de\/paed...\/sektion-paediatrische-immunologie.html\" target=\"_blank\" rel=\"noopener\">P\u00e4diatrische Immunologie am Universit\u00e4tsklinikum Freiburg (Kinderklinik)<\/a><\/p><p><strong>Niedergelassene HIV-Behandler*innen<\/strong><strong>:<\/strong><\/p><p><a href=\"http:\/\/praxis-f\u00fcr-infektionsmedizin.de\/\" target=\"_blank\" rel=\"noopener\">Praxis f\u00fcr Infektionsmedizin<\/a>, Dr. med. Susanne Usadel und Dr. med. Matthias M\u00fcller<\/p><p>Praxis Dr. med. J\u00f6rg-Andres Rump, Freiburg<\/p><p><a href=\"https:\/\/www.rheuma-freiburg.de\/\" target=\"_blank\" rel=\"noopener\">Gemeinschaftspraxis Dr. Christine Scholz \/ Dr. Jan Thoden<\/a><\/p><p>Kinderarztpraxis Dr. med. Helga L\u00f6ffler, Freiburg<\/p><p><strong>Weitere Einrichtungen:<\/strong><\/p><p><a href=\"https:\/\/www.breisgau-hochschwarzwald.de\/pb\/Breisgau...\/AIDS_Beratung.html\" target=\"_blank\" rel=\"noopener\">Gesundheitsamt Freiburg, AIDS-Beratung<\/a><\/p><p><a href=\"https:\/\/www.labor-clotten.de\/\" target=\"_blank\" rel=\"noopener\">MVZ Clotten<\/a> <em>bietet weitere Testm\u00f6glichkeit f\u00fcr Selbstzahler*innen<\/em><\/p><p><a href=\"https:\/\/www.arztforumfreiburg.de\/\" target=\"_blank\" rel=\"noopener\">ArztForumFreiburg<\/a> <em>bietet medizinische Vortr\u00e4ge f\u00fcr Patient*innen an<\/em><\/p><h4><strong>\u00dcberregionale Selbsthilfe<\/strong><\/h4><p><a href=\"https:\/\/www.facebook.com\/PositiveBegegnungen\/\" target=\"_blank\" rel=\"noopener\">Positive Begegnungen: Europas gr\u00f6\u00dfte Selbsthilfekonferenz<\/a><\/p><p><a href=\"https:\/\/buddy.hiv\/\" target=\"_blank\" rel=\"noopener\">Sprungbrett: Buddy-Projekt der Deutschen AIDS-Hilfe<\/a><\/p><p><a href=\"http:\/\/www.akthivplus.de\/\" target=\"_blank\" rel=\"noopener\">AktHIVplus e.V.: Landesweite Treffen f\u00fcr Menschen mit HIV und AIDS in Baden-W\u00fcrttemberg<\/a><\/p><p><a href=\"http:\/\/www.netzwerk-lsbttiq.net\/\" target=\"_blank\" rel=\"noopener\">Netzwerk LSBTTIQ Baden-W\u00fcrttemberg<\/a><\/p><p><a href=\"http:\/\/www.jes-bundesverband.de\/\" target=\"_blank\" rel=\"noopener\">JES Bundesverband<\/a>: <em>Netzwerk f\u00fcr die Interessen und Bed\u00fcrfnisse Drogen gebrauchender Menschen<\/em><\/p><p><a href=\"https:\/\/www.hiv-migration.de\/netzwerke\/afrolebenplus\" target=\"_blank\" rel=\"noopener\">Netzwerk der HIV-positiven Migrant*innen: Afro-Leben+<\/a><\/p><h4><strong>Soziales Netzwerk Freiburg<\/strong><\/h4><p><a href=\"http:\/\/www.migrationsberatung-freiburg.de\/\" target=\"_blank\" rel=\"noopener\">Migrationsberatung Freiburg<\/a><\/p><div class=\"TbwUpd\" style=\"display: inline-block;\"><a href=\"http:\/\/www.basler8.de\/start.html\" target=\"_blank\" rel=\"noopener\">Basler 8: <span class=\"st\">f\u00fcnf Einrichtungen zu den Themen Gesundheit, sexuelle Gewalt und sexueller Missbrauch, Sucht und feministische M\u00e4dchen*<wbr \/>arbeit<\/span><\/a><\/div><div>\u00a0<\/div><p><a href=\"http:\/\/www.friga-freiburg.de\/\" target=\"_blank\" rel=\"noopener\">Friga &#8211; Sozialberatung in der Fabrik<\/a><\/p><p><a href=\"https:\/\/www.vdk.de\/kv-freiburg\/\" target=\"_blank\" rel=\"noopener\">Sozialverband VdK &#8211; Kreisverband Freiburg<\/a><\/p><p><a href=\"http:\/\/www.saga.rasthaus-freiburg.org\/\" target=\"_blank\" rel=\"noopener\">Projekt Medinetz Freiburg f\u00fcr Migrant*innen und Fl\u00fcchtlinge<\/a><br \/><em>S\u00fcdbadisches B\u00fcndnis gegen Abschiebungen (SAGA)<\/em><\/p><h4><strong>Aidshilfen<\/strong><\/h4><p><a href=\"https:\/\/www.aidshilfe.de\/\" target=\"_blank\" rel=\"noopener\">Deutsche Aidshilfe: Homepage<\/a><\/p><p><a href=\"https:\/\/hiv-diskriminierung.de\/\" target=\"_blank\" rel=\"noopener\">Portal gegen HIV-Diskriminierung: Nimms nicht hin<\/a><\/p><p><a href=\"http:\/\/www.aidshilfe-bw.de\/\" target=\"_blank\" rel=\"noopener\">Aidshilfe Baden-W\u00fcrttemberg e.V.<\/a><\/p><p><a href=\"https:\/\/www.aidshilfe.de\/adressen\" target=\"_blank\" rel=\"noopener\">Liste der regionalen Aidshilfen und Projekte in Deutschland<\/a><\/p><p><a href=\"https:\/\/ahbb.ch\/\" target=\"_blank\" rel=\"noopener\">Aids-Hilfe beider Basel<\/a><\/p><p><a href=\"https:\/\/www.aides.org\/\" target=\"_blank\" rel=\"noopener\">AIDES Alsace Mulhouse<\/a><\/p>\t\t\t\t\t\t\t\t<\/div>\n\t\t\t\t<\/div>\n\t\t\t\t\t<\/div>\n\t\t<\/div>\n\t\t\t\t<div class=\"elementor-column elementor-col-50 elementor-top-column elementor-element elementor-element-90e3c8b\" data-id=\"90e3c8b\" data-element_type=\"column\">\n\t\t\t<div class=\"elementor-widget-wrap elementor-element-populated\">\n\t\t\t\t\t\t<div class=\"elementor-element elementor-element-38f174a elementor-widget elementor-widget-text-editor\" data-id=\"38f174a\" data-element_type=\"widget\" data-widget_type=\"text-editor.default\">\n\t\t\t\t<div class=\"elementor-widget-container\">\n\t\t\t\t\t\t\t\t\t<h4><strong>QUEER Community<\/strong><\/h4><p><strong>Gruppen und Beratungseinrichtungen in Freiburg<\/strong><\/p><p><a href=\"https:\/\/www.rosahilfefreiburg.de\/\" target=\"_blank\" rel=\"noopener\">Rosa Hilfe Freiburg e.V<\/a>.<\/p><p><a href=\"https:\/\/de-de.facebook.com\/AlleRegister\" target=\"_blank\" rel=\"noopener\">Alle Register \u2013 Der Gendermix-Chor<\/a><\/p><p><a href=\"https:\/\/www.breisgau-baeren.de\/\" target=\"_blank\" rel=\"noopener\">Breisgau B\u00e4ren Freiburg<\/a><\/p><p><a href=\"https:\/\/freiburg-pride.de\/\" target=\"_blank\" rel=\"noopener\">CSD Freiburg<\/a><\/p><p><a href=\"https:\/\/www.fluss-freiburg.de\/\" target=\"_blank\" rel=\"noopener\">FLUSS \u2013 Bildungsarbeit zu Geschlecht und sexueller Orientierung<\/a><\/p><p><a href=\"http:\/\/ilse.lsvd.de\/\" target=\"_blank\" rel=\"noopener\">ILSE Freiburg<\/a> <em>Initiative lesbischer und schwuler Eltern im LSVD<\/em><\/p><p><a href=\"http:\/\/amnesty-suedbaden.de\/hsg\/queer\" target=\"_blank\" rel=\"noopener\">QueerAmnesty S\u00fcdbaden<\/a><\/p><p><a href=\"https:\/\/www.queerfreiburg.de\/\">queerfreiburg.de<\/a> &#8211; Der \u00ab\u00a0Queer Guide\u00a0\u00bb f\u00fcr Freiburg<\/p><p><a href=\"https:\/\/regenbogen-referat.de\/\" target=\"_blank\" rel=\"noopener\">Regenbogen-Referat des AStA<\/a><\/p><p><a href=\"https:\/\/www.rosekids.de\/\" target=\"_blank\" rel=\"noopener\">Rosekids e.V.\u00a0<\/a> <em>Schwul-Lesbische Jugendgruppe. U28-Treffen\u00a0<\/em><\/p><p><a href=\"http:\/\/2018.schwule-filmwoche.de\/\" target=\"_blank\" rel=\"noopener\">Schwule Filmwoche Freiburg<\/a><\/p><p>Schwule und Krebs<br \/><em>Austausch mit Betroffenen f\u00fcr Betroffene und ihre Partner<\/em><br \/>Kontakt: Andreas Schwarzkopf, Telefon 0761\/4097792<br \/>andreasschwarzkopf@web.de<\/p><p><a href=\"http:\/\/trans-all.org\/\" target=\"_blank\" rel=\"noopener\">Transgender Selbsthilfegruppe Freiburg Trans All<\/a><\/p><p><a href=\"https:\/\/suedbaden.verdi.de\/ueber-uns\/regenbogen\" target=\"_blank\" rel=\"noopener\">verdi S\u00fcdbaden \u2013 queer<\/a><\/p><p><a href=\"https:\/\/www.vk-online.de\/netzwerk\/regionalgruppen\/freiburg.html\" target=\"_blank\" rel=\"noopener\">V\u00f6lklinger Kreis e. V. Freiburg<\/a><\/p><p><strong>Gruppen und Beratungseinrichtungen in der Region:<\/strong><\/p><p><a href=\"http:\/\/www.befah.de\/index.php\/ueber-uns\/84-ansprechpartner\/116-freiburg\" target=\"_blank\" rel=\"noopener\">BEFAH S\u00fcdbaden\u00a0<\/a><em>Die Regionalgruppe des Bundesverbandes der Eltern, Freunde und Angeh\u00f6rigen von Homosexuellen e.V.<\/em><\/p><p><a href=\"http:\/\/www.habs.ch\/\" target=\"_blank\" rel=\"noopener\">HABS<\/a><em> Basel: Adressen und Informationen zum Leben in Basel<\/em><\/p><p><a href=\"http:\/\/www.ogays.de\/\" target=\"_blank\" rel=\"noopener\">OGays e.V., Offenburg<\/a><\/p><h4><strong>Infodienste HIV\/AIDS<\/strong><\/h4><p><em>Deutsche Aidshilfe:<\/em> <a href=\"https:\/\/magazin.hiv\/\" target=\"_blank\" rel=\"noopener\">Magazin.hiv (blog)<\/a><\/p><p><a href=\"https:\/\/www.bzga.de\/\" target=\"_blank\" rel=\"noopener\">Bundeszentrale f\u00fcr gesundheitliche Aufkl\u00e4rung<\/a><\/p><p><a href=\"http:\/\/gentle-man.eu\/\" target=\"_blank\" rel=\"noopener\">GentleMan<\/a>: <em>Pr\u00e4ventionsprojekt der Aidshilfe Baden-W\u00fcrttemberg e.V.<\/em><\/p><p><a href=\"https:\/\/www.dagnae.de\/\" target=\"_blank\" rel=\"noopener\">Deutsche Arbeitsgemeinschaft niedergelassener \u00c4rzte in der Versorgung HIV-Infizierter e.V.<\/a><\/p><p><a href=\"https:\/\/daignet.de\/site-content\" target=\"_blank\" rel=\"noopener\">Deutsche AIDS-Gesellschaft e.V.<\/a><\/p><p><a href=\"https:\/\/www.ifi-medizin.de\/de\/interaktions-hotline.html\" target=\"_blank\" rel=\"noopener\">Interaktions-Hotline des ifi-Instituts f\u00fcr interdisziplin\u00e4re Medizin<\/a><\/p><p><a href=\"http:\/\/www.hivtravel.org\/\" target=\"_blank\" rel=\"noopener\">HIV and Travel<\/a>:<em> Global Database (english)<\/em><\/p><p><a href=\"http:\/\/www.aidsmap.com\/\" target=\"_blank\" rel=\"noopener\">AIDS-Map<\/a>: <em>L\u00e4nderinformationen (english)<\/em><\/p><h4><strong>Weitere Kooperationspartner<\/strong><\/h4><p><a href=\"https:\/\/www.profamilia.de\/bundeslaender\/baden...\/beratungsstelle-freiburg.html\" target=\"_blank\" rel=\"noopener\">pro familia Beratungsstelle Freiburg<\/a><\/p><p><a href=\"https:\/\/awo-freiburg.de\/beratungsstellen\/drobs-kl\" target=\"_blank\" rel=\"noopener\">Drogenhilfe Freiburg mit Beratungsstelle und Kontaktladen<\/a><\/p><p><a href=\"https:\/\/donum-vitae-freiburg.de\/\" target=\"_blank\" rel=\"noopener\">Donum vitae e.V. Freiburg<\/a>, <em>Schwangerenberatungsstelle<\/em><\/p><p><a href=\"http:\/\/www.pink-baden.de\/\" target=\"_blank\" rel=\"noopener\">P.I.N.K. &#8211; Beratung f\u00fcr Sexarbeiterinnen<\/a><\/p>\t\t\t\t\t\t\t\t<\/div>\n\t\t\t\t<\/div>\n\t\t\t\t\t<\/div>\n\t\t<\/div>\n\t\t\t\t\t<\/div>\n\t\t<\/section>\n\t\t\t\t<\/div>\n\t\t","protected":false},"excerpt":{"rendered":"<p>Links Freiburger Gesundheitsnetzwerk Klinische Einrichtungen: Centrum f\u00fcr Chronische ImmundefizienzDas CCI ist ein in Deutschland einzigartiges Referenzzentrum f\u00fcr Immundefekte. Infektiologie am Universit\u00e4tsklinikum Freiburg Klinik f\u00fcr Frauenheilkunde&hellip;<\/p>\n","protected":false},"author":1,"featured_media":0,"parent":0,"menu_order":0,"comment_status":"closed","ping_status":"closed","template":"","meta":{"footnotes":""},"class_list":["post-939","page","type-page","status-publish","hentry"],"publishpress_future_action":{"enabled":false,"date":"2026-05-02 16:17:27","action":"change-status","newStatus":"draft","terms":[],"taxonomy":"translation_priority","extraData":[]},"publishpress_future_workflow_manual_trigger":{"enabledWorkflows":[]},"_links":{"self":[{"href":"https:\/\/aids-hilfe-freiburg.de\/fr\/wp-json\/wp\/v2\/pages\/939","targetHints":{"allow":["GET"]}}],"collection":[{"href":"https:\/\/aids-hilfe-freiburg.de\/fr\/wp-json\/wp\/v2\/pages"}],"about":[{"href":"https:\/\/aids-hilfe-freiburg.de\/fr\/wp-json\/wp\/v2\/types\/page"}],"author":[{"embeddable":true,"href":"https:\/\/aids-hilfe-freiburg.de\/fr\/wp-json\/wp\/v2\/users\/1"}],"replies":[{"embeddable":true,"href":"https:\/\/aids-hilfe-freiburg.de\/fr\/wp-json\/wp\/v2\/comments?post=939"}],"version-history":[{"count":62,"href":"https:\/\/aids-hilfe-freiburg.de\/fr\/wp-json\/wp\/v2\/pages\/939\/revisions"}],"predecessor-version":[{"id":4081,"href":"https:\/\/aids-hilfe-freiburg.de\/fr\/wp-json\/wp\/v2\/pages\/939\/revisions\/4081"}],"wp:attachment":[{"href":"https:\/\/aids-hilfe-freiburg.de\/fr\/wp-json\/wp\/v2\/media?parent=939"}],"curies":[{"name":"wp","href":"https:\/\/api.w.org\/{rel}","templated":true}]}}